{"id":20370,"date":"2025-04-25T12:41:25","date_gmt":"2025-04-25T10:41:25","guid":{"rendered":"https:\/\/dev.azhr.tv\/martindorado.es\/?post_type=product&#038;p=20370"},"modified":"2025-08-25T14:16:49","modified_gmt":"2025-08-25T12:16:49","slug":"atun-ajillo-tarrina-360-gr","status":"publish","type":"product","link":"https:\/\/dev.azhr.tv\/martindorado.es\/producto\/atun-ajillo-tarrina-360-gr\/","title":{"rendered":"At\u00fan ajillo tarrina 360 gr."},"content":{"rendered":"","protected":false},"excerpt":{"rendered":"<h5>At\u00fan al ajillo en Tarrina<\/h5>\n<p>Lonchas de tarantelo tiernas, jugosas y llenas de sabor.<br \/>\nUna de las partes m\u00e1s valoradas del at\u00fan, el tarantelo, se une aqu\u00ed con el toque sabroso del ajillo para ofrecerte una experiencia intensa y deliciosa. Viene ya cortado en lonchas, listo para abrir y disfrutar.<br \/>\nPerfecto para un aperitivo entre amigos, una tapa r\u00e1pida en casa, o para darle un giro sabroso a una cena improvisada con vino blanco o una cerveza fr\u00eda.<br \/>\nConservar entre 0\u00ba y 4\u00ba<br \/>\n<strong>\u26a0\ufe0f Aviso: \u00a1puede resultar adictivo!<\/strong><\/p>\n","protected":false},"featured_media":24306,"template":"","meta":[],"product_brand":[202],"product_cat":[288],"product_tag":[200,199,198,201],"class_list":{"0":"post-20370","1":"product","2":"type-product","3":"status-publish","4":"has-post-thumbnail","6":"product_brand-ficolume","7":"product_cat-ahumados","8":"product_tag-ahumados","9":"product_tag-atun","10":"product_tag-pescados","11":"product_tag-tarrinas","12":"pa_peso-360-grs","13":"pa_tamano-12-unds","15":"first","16":"instock","17":"taxable","18":"shipping-taxable","19":"purchasable","20":"product-type-simple"},"_links":{"self":[{"href":"https:\/\/dev.azhr.tv\/martindorado.es\/wp-json\/wp\/v2\/product\/20370","targetHints":{"allow":["GET"]}}],"collection":[{"href":"https:\/\/dev.azhr.tv\/martindorado.es\/wp-json\/wp\/v2\/product"}],"about":[{"href":"https:\/\/dev.azhr.tv\/martindorado.es\/wp-json\/wp\/v2\/types\/product"}],"wp:featuredmedia":[{"embeddable":true,"href":"https:\/\/dev.azhr.tv\/martindorado.es\/wp-json\/wp\/v2\/media\/24306"}],"wp:attachment":[{"href":"https:\/\/dev.azhr.tv\/martindorado.es\/wp-json\/wp\/v2\/media?parent=20370"}],"wp:term":[{"taxonomy":"product_brand","embeddable":true,"href":"https:\/\/dev.azhr.tv\/martindorado.es\/wp-json\/wp\/v2\/product_brand?post=20370"},{"taxonomy":"product_cat","embeddable":true,"href":"https:\/\/dev.azhr.tv\/martindorado.es\/wp-json\/wp\/v2\/product_cat?post=20370"},{"taxonomy":"product_tag","embeddable":true,"href":"https:\/\/dev.azhr.tv\/martindorado.es\/wp-json\/wp\/v2\/product_tag?post=20370"}],"curies":[{"name":"wp","href":"https:\/\/api.w.org\/{rel}","templated":true}]}}