{"id":20842,"date":"2025-04-30T16:59:26","date_gmt":"2025-04-30T14:59:26","guid":{"rendered":"https:\/\/dev.azhr.tv\/martindorado.es\/?post_type=product&#038;p=20842"},"modified":"2025-08-06T14:03:38","modified_gmt":"2025-08-06T12:03:38","slug":"banderillas-atun-queso-12-uds-herpac","status":"publish","type":"product","link":"https:\/\/dev.azhr.tv\/martindorado.es\/producto\/banderillas-atun-queso-12-uds-herpac\/","title":{"rendered":"Banderillas at\u00fan queso 12 uds"},"content":{"rendered":"","protected":false},"excerpt":{"rendered":"<h5>Banderillas de At\u00fan y Queso<\/h5>\n<p>Un bocado gourmet para tus mejores momentos.<br \/>\nPeque\u00f1as en tama\u00f1o, enormes en sabor. Estas banderillas combinan el toque suave del queso con el car\u00e1cter del at\u00fan ahumado, creando un equilibrio perfecto. Son ideales para entrantes, aperitivos o picoteos con amigos, y si las acompa\u00f1as con un buen vino blanco o espumoso, el \u00e9xito est\u00e1 garantizado.<br \/>\nD\u00e9jalas unos minutos a temperatura ambiente antes de servirlas y ver\u00e1s c\u00f3mo su sabor se potencia a\u00fan m\u00e1s.<br \/>\nAdem\u00e1s de estar buen\u00edsimas, son saludables: el at\u00fan aporta Omega 3 y prote\u00ednas de alta calidad.<br \/>\nConservar entre 0\u00ba y 4\u00ba .<br \/>\nConsumir en los 7 d\u00edas posteriores a la apertura.<br \/>\nApto para cel\u00edacos<\/p>\n","protected":false},"featured_media":24168,"template":"","meta":[],"product_brand":[204],"product_cat":[288],"product_tag":[200,199,206,198,205],"class_list":{"0":"post-20842","1":"product","2":"type-product","3":"status-publish","4":"has-post-thumbnail","6":"product_brand-herpac","7":"product_cat-ahumados","8":"product_tag-ahumados","9":"product_tag-atun","10":"product_tag-banderillas","11":"product_tag-pescados","12":"product_tag-queso","13":"pa_peso-294-grs","14":"pa_tamano-12-unds","16":"first","17":"instock","18":"taxable","19":"shipping-taxable","20":"purchasable","21":"product-type-simple"},"_links":{"self":[{"href":"https:\/\/dev.azhr.tv\/martindorado.es\/wp-json\/wp\/v2\/product\/20842","targetHints":{"allow":["GET"]}}],"collection":[{"href":"https:\/\/dev.azhr.tv\/martindorado.es\/wp-json\/wp\/v2\/product"}],"about":[{"href":"https:\/\/dev.azhr.tv\/martindorado.es\/wp-json\/wp\/v2\/types\/product"}],"wp:featuredmedia":[{"embeddable":true,"href":"https:\/\/dev.azhr.tv\/martindorado.es\/wp-json\/wp\/v2\/media\/24168"}],"wp:attachment":[{"href":"https:\/\/dev.azhr.tv\/martindorado.es\/wp-json\/wp\/v2\/media?parent=20842"}],"wp:term":[{"taxonomy":"product_brand","embeddable":true,"href":"https:\/\/dev.azhr.tv\/martindorado.es\/wp-json\/wp\/v2\/product_brand?post=20842"},{"taxonomy":"product_cat","embeddable":true,"href":"https:\/\/dev.azhr.tv\/martindorado.es\/wp-json\/wp\/v2\/product_cat?post=20842"},{"taxonomy":"product_tag","embeddable":true,"href":"https:\/\/dev.azhr.tv\/martindorado.es\/wp-json\/wp\/v2\/product_tag?post=20842"}],"curies":[{"name":"wp","href":"https:\/\/api.w.org\/{rel}","templated":true}]}}