{"id":20846,"date":"2025-04-30T17:24:40","date_gmt":"2025-04-30T15:24:40","guid":{"rendered":"https:\/\/dev.azhr.tv\/martindorado.es\/?post_type=product&#038;p=20846"},"modified":"2025-08-06T14:07:36","modified_gmt":"2025-08-06T12:07:36","slug":"boquerones-en-vinagre-195-grs","status":"publish","type":"product","link":"https:\/\/dev.azhr.tv\/martindorado.es\/producto\/boquerones-en-vinagre-195-grs\/","title":{"rendered":"Boquerones en vinagre 195 grs."},"content":{"rendered":"","protected":false},"excerpt":{"rendered":"<h5>Boquerones en Vinagre<\/h5>\n<p>Frescos, suaves y con ese toque \u00e1cido que abre el apetito.<br \/>\nEl boquer\u00f3n, primo hermano de la anchoa, se elabora con el mismo pescado \u2014el bocarte\u2014, pero en vez de curarse en sal, se marina en vinagre, lo que le aporta una textura tierna y un sabor limpio, con el punto justo de acidez.<br \/>\nIdeales para un aperitivo cl\u00e1sico, una tapa ligera o como acompa\u00f1ante en una buena mesa de verano. S\u00edrvelos con un chorrito de aceite de oliva virgen extra, un poco de ajo picado y unas hojas de perejil. \u00bfUn maridaje perfecto? Una copa de manzanilla o un vino blanco seco bien fr\u00edo.<br \/>\nServir fr\u00edos. Disfrutar siempre.<\/p>\n","protected":false},"featured_media":24169,"template":"","meta":[],"product_brand":[204],"product_cat":[185],"product_tag":[207,198,208],"class_list":{"0":"post-20846","1":"product","2":"type-product","3":"status-publish","4":"has-post-thumbnail","6":"product_brand-herpac","7":"product_cat-conservas","8":"product_tag-boquerones","9":"product_tag-pescados","10":"product_tag-vinagre","11":"pa_peso-195-grs","13":"first","14":"instock","15":"taxable","16":"shipping-taxable","17":"purchasable","18":"product-type-simple"},"_links":{"self":[{"href":"https:\/\/dev.azhr.tv\/martindorado.es\/wp-json\/wp\/v2\/product\/20846","targetHints":{"allow":["GET"]}}],"collection":[{"href":"https:\/\/dev.azhr.tv\/martindorado.es\/wp-json\/wp\/v2\/product"}],"about":[{"href":"https:\/\/dev.azhr.tv\/martindorado.es\/wp-json\/wp\/v2\/types\/product"}],"wp:featuredmedia":[{"embeddable":true,"href":"https:\/\/dev.azhr.tv\/martindorado.es\/wp-json\/wp\/v2\/media\/24169"}],"wp:attachment":[{"href":"https:\/\/dev.azhr.tv\/martindorado.es\/wp-json\/wp\/v2\/media?parent=20846"}],"wp:term":[{"taxonomy":"product_brand","embeddable":true,"href":"https:\/\/dev.azhr.tv\/martindorado.es\/wp-json\/wp\/v2\/product_brand?post=20846"},{"taxonomy":"product_cat","embeddable":true,"href":"https:\/\/dev.azhr.tv\/martindorado.es\/wp-json\/wp\/v2\/product_cat?post=20846"},{"taxonomy":"product_tag","embeddable":true,"href":"https:\/\/dev.azhr.tv\/martindorado.es\/wp-json\/wp\/v2\/product_tag?post=20846"}],"curies":[{"name":"wp","href":"https:\/\/api.w.org\/{rel}","templated":true}]}}