{"id":21239,"date":"2025-05-12T13:00:51","date_gmt":"2025-05-12T11:00:51","guid":{"rendered":"https:\/\/dev.azhr.tv\/martindorado.es\/?post_type=product&#038;p=21239"},"modified":"2025-08-06T13:09:11","modified_gmt":"2025-08-06T11:09:11","slug":"hueva-merluza-embumar-barra-90-grs","status":"publish","type":"product","link":"https:\/\/dev.azhr.tv\/martindorado.es\/producto\/hueva-merluza-embumar-barra-90-grs\/","title":{"rendered":"Hueva merluza EMBUMAR barra 90 grs."},"content":{"rendered":"","protected":false},"excerpt":{"rendered":"<p>Hueva de Merluza Embumar (barra 90 g)<br \/>\nUn cl\u00e1sico del ma, sabroso y en un c\u00f3modo formato.<br \/>\nElaborada a base de huevas de pescado seleccionadas, esta barra de hueva de merluza es perfecta para tener siempre a mano un bocado marino con personalidad.<br \/>\nC\u00f3rtala en finas rodajas y s\u00edrvela con un chorrito de aceite de oliva, sobre pan crujiente o en ensalada. Ideal para un aperitivo r\u00e1pido, un tentempi\u00e9 saludable o para completar una tabla gourmet con sabores del mar.<br \/>\n\ud83e\uddca Fresca, sabrosa y lista para disfrutar en cualquier ocasi\u00f3n.<\/p>\n","protected":false},"featured_media":24162,"template":"","meta":[],"product_brand":[214],"product_cat":[190],"product_tag":[211,215,198],"class_list":{"0":"post-21239","1":"product","2":"type-product","3":"status-publish","4":"has-post-thumbnail","6":"product_brand-embumar","7":"product_cat-productos-frescos","8":"product_tag-huevas","9":"product_tag-merluzas","10":"product_tag-pescados","11":"pa_peso-90-grs","13":"first","14":"instock","15":"taxable","16":"shipping-taxable","17":"purchasable","18":"product-type-simple"},"_links":{"self":[{"href":"https:\/\/dev.azhr.tv\/martindorado.es\/wp-json\/wp\/v2\/product\/21239","targetHints":{"allow":["GET"]}}],"collection":[{"href":"https:\/\/dev.azhr.tv\/martindorado.es\/wp-json\/wp\/v2\/product"}],"about":[{"href":"https:\/\/dev.azhr.tv\/martindorado.es\/wp-json\/wp\/v2\/types\/product"}],"wp:featuredmedia":[{"embeddable":true,"href":"https:\/\/dev.azhr.tv\/martindorado.es\/wp-json\/wp\/v2\/media\/24162"}],"wp:attachment":[{"href":"https:\/\/dev.azhr.tv\/martindorado.es\/wp-json\/wp\/v2\/media?parent=21239"}],"wp:term":[{"taxonomy":"product_brand","embeddable":true,"href":"https:\/\/dev.azhr.tv\/martindorado.es\/wp-json\/wp\/v2\/product_brand?post=21239"},{"taxonomy":"product_cat","embeddable":true,"href":"https:\/\/dev.azhr.tv\/martindorado.es\/wp-json\/wp\/v2\/product_cat?post=21239"},{"taxonomy":"product_tag","embeddable":true,"href":"https:\/\/dev.azhr.tv\/martindorado.es\/wp-json\/wp\/v2\/product_tag?post=21239"}],"curies":[{"name":"wp","href":"https:\/\/api.w.org\/{rel}","templated":true}]}}