{"id":21256,"date":"2025-05-12T13:41:08","date_gmt":"2025-05-12T11:41:08","guid":{"rendered":"https:\/\/dev.azhr.tv\/martindorado.es\/?post_type=product&#038;p=21256"},"modified":"2025-08-05T15:15:26","modified_gmt":"2025-08-05T13:15:26","slug":"pate-mojama-tarro-105-grs","status":"publish","type":"product","link":"https:\/\/dev.azhr.tv\/martindorado.es\/producto\/pate-mojama-tarro-105-grs\/","title":{"rendered":"Pat\u00e9 mojama tarro 105 grs."},"content":{"rendered":"","protected":false},"excerpt":{"rendered":"<p>Pat\u00e9 de Mojama de At\u00fan<br \/>\nIntenso, diferente y con alma marinera.<br \/>\nElaborado artesanalmente con mojama de at\u00fan de primera calidad y solo ingredientes naturales, este pat\u00e9 concentra todo el car\u00e1cter del mar en una textura suave y untuosa.<br \/>\nPerfecto para untar en tostas, preparar canap\u00e9s o acompa\u00f1ar con unos picos y una copa de vino blanco o vermut. Ideal para un picoteo gourmet, un aperitivo especial o para sorprender con algo distinto.<br \/>\n\ud83d\udc1f Sabor aut\u00e9ntico. Tradici\u00f3n que se unta<\/p>\n<p>Apto para cel\u00edacos.<\/p>\n","protected":false},"featured_media":24123,"template":"","meta":[],"product_brand":[204],"product_cat":[183],"product_tag":[220,221,198],"class_list":{"0":"post-21256","1":"product","2":"type-product","3":"status-publish","4":"has-post-thumbnail","6":"product_brand-herpac","7":"product_cat-platos-elaborados","8":"product_tag-mojamas","9":"product_tag-pates","10":"product_tag-pescados","11":"pa_peso-105-grs","13":"first","14":"instock","15":"taxable","16":"shipping-taxable","17":"purchasable","18":"product-type-simple"},"_links":{"self":[{"href":"https:\/\/dev.azhr.tv\/martindorado.es\/wp-json\/wp\/v2\/product\/21256","targetHints":{"allow":["GET"]}}],"collection":[{"href":"https:\/\/dev.azhr.tv\/martindorado.es\/wp-json\/wp\/v2\/product"}],"about":[{"href":"https:\/\/dev.azhr.tv\/martindorado.es\/wp-json\/wp\/v2\/types\/product"}],"wp:featuredmedia":[{"embeddable":true,"href":"https:\/\/dev.azhr.tv\/martindorado.es\/wp-json\/wp\/v2\/media\/24123"}],"wp:attachment":[{"href":"https:\/\/dev.azhr.tv\/martindorado.es\/wp-json\/wp\/v2\/media?parent=21256"}],"wp:term":[{"taxonomy":"product_brand","embeddable":true,"href":"https:\/\/dev.azhr.tv\/martindorado.es\/wp-json\/wp\/v2\/product_brand?post=21256"},{"taxonomy":"product_cat","embeddable":true,"href":"https:\/\/dev.azhr.tv\/martindorado.es\/wp-json\/wp\/v2\/product_cat?post=21256"},{"taxonomy":"product_tag","embeddable":true,"href":"https:\/\/dev.azhr.tv\/martindorado.es\/wp-json\/wp\/v2\/product_tag?post=21256"}],"curies":[{"name":"wp","href":"https:\/\/api.w.org\/{rel}","templated":true}]}}