{"id":21264,"date":"2025-05-12T13:53:29","date_gmt":"2025-05-12T11:53:29","guid":{"rendered":"https:\/\/dev.azhr.tv\/martindorado.es\/?post_type=product&#038;p=21264"},"modified":"2025-08-26T14:26:44","modified_gmt":"2025-08-26T12:26:44","slug":"pulpo-cocido-md-pasteurizado","status":"publish","type":"product","link":"https:\/\/dev.azhr.tv\/martindorado.es\/producto\/pulpo-cocido-md-pasteurizado\/","title":{"rendered":"Pulpo cocido MD pasteurizado"},"content":{"rendered":"","protected":false},"excerpt":{"rendered":"<p>Pulpo Cocido Mart\u00edn Dorado<br \/>\nListo para servir, tierno y con sabor a costa.<br \/>\nTroceado y cocido en su punto justo, pas\u00e1ndolo por la poarrilla\u2026 este pulpo es perfecto para preparar en minutos una ensalada templada, un cl\u00e1sico pulpo a la gallega o un aperitivo r\u00e1pido y delicioso.<br \/>\nGracias a su pasteurizaci\u00f3n, conserva todo su sabor y textura natural. Solo necesitas calentarlo ligeramente, a\u00f1adir un chorrito de aceite de oliva virgen extra, un poco de piment\u00f3n\u2026 \u00a1y a disfrutar!<br \/>\nEnvasado al vac\u00edo<br \/>\n\ud83d\udc19 Ideal para cenas ligeras, tapas o sorprender a tus invitados sin complicaciones.<br \/>\nPrecio por kilo: 46.20\u20ac<\/p>\n","protected":false},"featured_media":24185,"template":"","meta":[],"product_brand":[303],"product_cat":[191],"product_tag":[217,224,223],"class_list":{"0":"post-21264","1":"product","2":"type-product","3":"status-publish","4":"has-post-thumbnail","6":"product_brand-martin-dorado","7":"product_cat-pasteurizados","8":"product_tag-crustaceos","9":"product_tag-pasteurizados","10":"product_tag-pulpo","11":"pa_peso-200-grs","12":"pa_peso-250-grs","14":"first","15":"instock","16":"taxable","17":"shipping-taxable","18":"purchasable","19":"product-type-variable","20":"has-default-attributes"},"_links":{"self":[{"href":"https:\/\/dev.azhr.tv\/martindorado.es\/wp-json\/wp\/v2\/product\/21264","targetHints":{"allow":["GET"]}}],"collection":[{"href":"https:\/\/dev.azhr.tv\/martindorado.es\/wp-json\/wp\/v2\/product"}],"about":[{"href":"https:\/\/dev.azhr.tv\/martindorado.es\/wp-json\/wp\/v2\/types\/product"}],"wp:featuredmedia":[{"embeddable":true,"href":"https:\/\/dev.azhr.tv\/martindorado.es\/wp-json\/wp\/v2\/media\/24185"}],"wp:attachment":[{"href":"https:\/\/dev.azhr.tv\/martindorado.es\/wp-json\/wp\/v2\/media?parent=21264"}],"wp:term":[{"taxonomy":"product_brand","embeddable":true,"href":"https:\/\/dev.azhr.tv\/martindorado.es\/wp-json\/wp\/v2\/product_brand?post=21264"},{"taxonomy":"product_cat","embeddable":true,"href":"https:\/\/dev.azhr.tv\/martindorado.es\/wp-json\/wp\/v2\/product_cat?post=21264"},{"taxonomy":"product_tag","embeddable":true,"href":"https:\/\/dev.azhr.tv\/martindorado.es\/wp-json\/wp\/v2\/product_tag?post=21264"}],"curies":[{"name":"wp","href":"https:\/\/api.w.org\/{rel}","templated":true}]}}