{"id":21266,"date":"2025-05-12T13:59:39","date_gmt":"2025-05-12T11:59:39","guid":{"rendered":"https:\/\/dev.azhr.tv\/martindorado.es\/?post_type=product&#038;p=21266"},"modified":"2025-08-08T10:51:32","modified_gmt":"2025-08-08T08:51:32","slug":"atun-salado-recorte-fp-750-grs","status":"publish","type":"product","link":"https:\/\/dev.azhr.tv\/martindorado.es\/producto\/atun-salado-recorte-fp-750-grs\/","title":{"rendered":"At\u00fan salado recorte FP 750 grs."},"content":{"rendered":"","protected":false},"excerpt":{"rendered":"<p>At\u00fan Salado de Recorte (750 g)<br \/>\nAutenticidad y sabor de tradici\u00f3n marinera.<br \/>\nEste at\u00fan en salaz\u00f3n, elaborado con las mejores piezas del at\u00fan Producto ideal para ensaladas y ali\u00f1ados. Su sabor intenso y su textura firme lo convierten en un ingrediente perfecto para ensaladas exquisitas y ali\u00f1os.<br \/>\nUna joya gastron\u00f3mica para quienes valoran lo aut\u00e9ntico y saben disfrutar de los sabores de siempre.<br \/>\n\ud83d\udc68\u200d\ud83c\udf73 Consejo: desalar con antelaci\u00f3n si lo prefieres m\u00e1s suave.<\/p>\n<p>Ha sido conservado aplicando una maceraci\u00f3n en salaz\u00f3n totalmente artesanal para que conserve todo su sabor. <\/p>\n","protected":false},"featured_media":24224,"template":"","meta":[],"product_brand":[303],"product_cat":[184],"product_tag":[199,198,226],"class_list":{"0":"post-21266","1":"product","2":"type-product","3":"status-publish","4":"has-post-thumbnail","6":"product_brand-martin-dorado","7":"product_cat-salazones","8":"product_tag-atun","9":"product_tag-pescados","10":"product_tag-salados","11":"pa_peso-750-grs","13":"first","14":"instock","15":"taxable","16":"shipping-taxable","17":"purchasable","18":"product-type-simple"},"_links":{"self":[{"href":"https:\/\/dev.azhr.tv\/martindorado.es\/wp-json\/wp\/v2\/product\/21266","targetHints":{"allow":["GET"]}}],"collection":[{"href":"https:\/\/dev.azhr.tv\/martindorado.es\/wp-json\/wp\/v2\/product"}],"about":[{"href":"https:\/\/dev.azhr.tv\/martindorado.es\/wp-json\/wp\/v2\/types\/product"}],"wp:featuredmedia":[{"embeddable":true,"href":"https:\/\/dev.azhr.tv\/martindorado.es\/wp-json\/wp\/v2\/media\/24224"}],"wp:attachment":[{"href":"https:\/\/dev.azhr.tv\/martindorado.es\/wp-json\/wp\/v2\/media?parent=21266"}],"wp:term":[{"taxonomy":"product_brand","embeddable":true,"href":"https:\/\/dev.azhr.tv\/martindorado.es\/wp-json\/wp\/v2\/product_brand?post=21266"},{"taxonomy":"product_cat","embeddable":true,"href":"https:\/\/dev.azhr.tv\/martindorado.es\/wp-json\/wp\/v2\/product_cat?post=21266"},{"taxonomy":"product_tag","embeddable":true,"href":"https:\/\/dev.azhr.tv\/martindorado.es\/wp-json\/wp\/v2\/product_tag?post=21266"}],"curies":[{"name":"wp","href":"https:\/\/api.w.org\/{rel}","templated":true}]}}