{"id":21268,"date":"2025-05-12T14:11:38","date_gmt":"2025-05-12T12:11:38","guid":{"rendered":"https:\/\/dev.azhr.tv\/martindorado.es\/?post_type=product&#038;p=21268"},"modified":"2025-08-05T15:14:47","modified_gmt":"2025-08-05T13:14:47","slug":"bacaladilla-m-seca-x-uds","status":"publish","type":"product","link":"https:\/\/dev.azhr.tv\/martindorado.es\/producto\/bacaladilla-m-seca-x-uds\/","title":{"rendered":"Bacaladilla M seca (7 Unds.)"},"content":{"rendered":"","protected":false},"excerpt":{"rendered":"<p>Bacaladilla Seca<br \/>\nTradici\u00f3n en estado puro, sabor que perdura.<br \/>\nEsta bacaladilla salada y secada de forma tradicional es un cl\u00e1sico de nuestras despensas. Gracias a su proceso de conservaci\u00f3n natural con sal, mantiene su sabor y propiedades durante un mes sin necesidad de fr\u00edo.<br \/>\nIdeal como aperitivo con una bebida fresquita. \u2028\ud83c\udf0a Sabor de siempre, directo desde el mar.<\/p>\n","protected":false},"featured_media":24122,"template":"","meta":[],"product_brand":[227],"product_cat":[184],"product_tag":[228,198],"class_list":{"0":"post-21268","1":"product","2":"type-product","3":"status-publish","4":"has-post-thumbnail","6":"product_brand-pescados-jose","7":"product_cat-salazones","8":"product_tag-bacaladillas","9":"product_tag-pescados","10":"pa_tamano-7-unds","12":"first","13":"instock","14":"taxable","15":"shipping-taxable","16":"purchasable","17":"product-type-simple"},"_links":{"self":[{"href":"https:\/\/dev.azhr.tv\/martindorado.es\/wp-json\/wp\/v2\/product\/21268","targetHints":{"allow":["GET"]}}],"collection":[{"href":"https:\/\/dev.azhr.tv\/martindorado.es\/wp-json\/wp\/v2\/product"}],"about":[{"href":"https:\/\/dev.azhr.tv\/martindorado.es\/wp-json\/wp\/v2\/types\/product"}],"wp:featuredmedia":[{"embeddable":true,"href":"https:\/\/dev.azhr.tv\/martindorado.es\/wp-json\/wp\/v2\/media\/24122"}],"wp:attachment":[{"href":"https:\/\/dev.azhr.tv\/martindorado.es\/wp-json\/wp\/v2\/media?parent=21268"}],"wp:term":[{"taxonomy":"product_brand","embeddable":true,"href":"https:\/\/dev.azhr.tv\/martindorado.es\/wp-json\/wp\/v2\/product_brand?post=21268"},{"taxonomy":"product_cat","embeddable":true,"href":"https:\/\/dev.azhr.tv\/martindorado.es\/wp-json\/wp\/v2\/product_cat?post=21268"},{"taxonomy":"product_tag","embeddable":true,"href":"https:\/\/dev.azhr.tv\/martindorado.es\/wp-json\/wp\/v2\/product_tag?post=21268"}],"curies":[{"name":"wp","href":"https:\/\/api.w.org\/{rel}","templated":true}]}}