{"id":21271,"date":"2025-05-12T14:22:06","date_gmt":"2025-05-12T12:22:06","guid":{"rendered":"https:\/\/dev.azhr.tv\/martindorado.es\/?post_type=product&#038;p=21271"},"modified":"2025-08-26T14:47:32","modified_gmt":"2025-08-26T12:47:32","slug":"fte-bonito-seco-260-grs","status":"publish","type":"product","link":"https:\/\/dev.azhr.tv\/martindorado.es\/producto\/fte-bonito-seco-260-grs\/","title":{"rendered":"Fte. bonito seco 330 grs."},"content":{"rendered":"","protected":false},"excerpt":{"rendered":"<p>El Filete de Bonito Seco es un producto artesanal de sabor \u00fanico y aut\u00e9ntico. Se elabora a partir de bonito limpio, abierto en cuatro tiras, salado y posteriormente secado con esmero. Tras un proceso de limpieza minucioso, se retiran todas las espinas hasta obtener cuatro lomos exquisitos y listos para disfrutar.<\/p>\n<p>Su textura recuerda a la mojama, pero conserva un matiz de sabor diferente, m\u00e1s suave y delicado, ideal para los paladares que buscan descubrir nuevas sensaciones marinas. Una de sus caracter\u00edsticas m\u00e1s singulares es que mantiene la piel original del bonito, lo que realza a\u00fan m\u00e1s su autenticidad. Un producto perfecto para degustar en finas lonchas, acompa\u00f1ado de un buen aceite de oliva virgen extra, frutos secos o como parte de una tabla de aperitivos gourmet.<\/p>\n","protected":false},"featured_media":24121,"template":"","meta":[],"product_brand":[230],"product_cat":[185],"product_tag":[229,198],"class_list":{"0":"post-21271","1":"product","2":"type-product","3":"status-publish","4":"has-post-thumbnail","6":"product_brand-conservas-juanjo","7":"product_cat-conservas","8":"product_tag-bonitos","9":"product_tag-pescados","10":"pa_peso-330-grs","12":"first","13":"instock","14":"taxable","15":"shipping-taxable","16":"purchasable","17":"product-type-simple"},"_links":{"self":[{"href":"https:\/\/dev.azhr.tv\/martindorado.es\/wp-json\/wp\/v2\/product\/21271","targetHints":{"allow":["GET"]}}],"collection":[{"href":"https:\/\/dev.azhr.tv\/martindorado.es\/wp-json\/wp\/v2\/product"}],"about":[{"href":"https:\/\/dev.azhr.tv\/martindorado.es\/wp-json\/wp\/v2\/types\/product"}],"wp:featuredmedia":[{"embeddable":true,"href":"https:\/\/dev.azhr.tv\/martindorado.es\/wp-json\/wp\/v2\/media\/24121"}],"wp:attachment":[{"href":"https:\/\/dev.azhr.tv\/martindorado.es\/wp-json\/wp\/v2\/media?parent=21271"}],"wp:term":[{"taxonomy":"product_brand","embeddable":true,"href":"https:\/\/dev.azhr.tv\/martindorado.es\/wp-json\/wp\/v2\/product_brand?post=21271"},{"taxonomy":"product_cat","embeddable":true,"href":"https:\/\/dev.azhr.tv\/martindorado.es\/wp-json\/wp\/v2\/product_cat?post=21271"},{"taxonomy":"product_tag","embeddable":true,"href":"https:\/\/dev.azhr.tv\/martindorado.es\/wp-json\/wp\/v2\/product_tag?post=21271"}],"curies":[{"name":"wp","href":"https:\/\/api.w.org\/{rel}","templated":true}]}}