{"id":21278,"date":"2025-05-12T14:28:37","date_gmt":"2025-05-12T12:28:37","guid":{"rendered":"https:\/\/dev.azhr.tv\/martindorado.es\/?post_type=product&#038;p=21278"},"modified":"2025-08-06T13:47:07","modified_gmt":"2025-08-06T11:47:07","slug":"fte-sardina-prensada-90-grs","status":"publish","type":"product","link":"https:\/\/dev.azhr.tv\/martindorado.es\/producto\/fte-sardina-prensada-90-grs\/","title":{"rendered":"Fte. sardina prensada 90 grs."},"content":{"rendered":"","protected":false},"excerpt":{"rendered":"<p>Sardina Prensada en Salaz\u00f3n (90 g)<br \/>\nPura intensidad, en cada lomo.<br \/>\nConocidas como sardinas anchoadas, estos filetes de sardina en salaz\u00f3n vienen perfectamente limpios y envasados en aceite de oliva, listos para disfrutar. Su sabor potente y su textura firme las hacen ideales para preparar canap\u00e9s, ensaladas o acompa\u00f1ar con pan crujiente y un vino blanco bien fr\u00edo.<br \/>\nEl producto se conserva hasta el momento de su expedici\u00f3n en una c\u00e1mara de conservaci\u00f3n frigor\u00edfica, a una temperatura controlada entre 0-5\u00baC.<br \/>\nUn bocado tradicional con alma gourmet.<br \/>\n\ud83d\udc1f Autenticidad marina en cada loncha.<\/p>\n","protected":false},"featured_media":24166,"template":"","meta":[],"product_brand":[231],"product_cat":[184],"product_tag":[198,232],"class_list":{"0":"post-21278","1":"product","2":"type-product","3":"status-publish","4":"has-post-thumbnail","6":"product_brand-usisa","7":"product_cat-salazones","8":"product_tag-pescados","9":"product_tag-sardinas","10":"pa_peso-90-grs","12":"first","13":"instock","14":"taxable","15":"shipping-taxable","16":"purchasable","17":"product-type-simple"},"_links":{"self":[{"href":"https:\/\/dev.azhr.tv\/martindorado.es\/wp-json\/wp\/v2\/product\/21278","targetHints":{"allow":["GET"]}}],"collection":[{"href":"https:\/\/dev.azhr.tv\/martindorado.es\/wp-json\/wp\/v2\/product"}],"about":[{"href":"https:\/\/dev.azhr.tv\/martindorado.es\/wp-json\/wp\/v2\/types\/product"}],"wp:featuredmedia":[{"embeddable":true,"href":"https:\/\/dev.azhr.tv\/martindorado.es\/wp-json\/wp\/v2\/media\/24166"}],"wp:attachment":[{"href":"https:\/\/dev.azhr.tv\/martindorado.es\/wp-json\/wp\/v2\/media?parent=21278"}],"wp:term":[{"taxonomy":"product_brand","embeddable":true,"href":"https:\/\/dev.azhr.tv\/martindorado.es\/wp-json\/wp\/v2\/product_brand?post=21278"},{"taxonomy":"product_cat","embeddable":true,"href":"https:\/\/dev.azhr.tv\/martindorado.es\/wp-json\/wp\/v2\/product_cat?post=21278"},{"taxonomy":"product_tag","embeddable":true,"href":"https:\/\/dev.azhr.tv\/martindorado.es\/wp-json\/wp\/v2\/product_tag?post=21278"}],"curies":[{"name":"wp","href":"https:\/\/api.w.org\/{rel}","templated":true}]}}