{"id":21387,"date":"2025-05-13T09:02:36","date_gmt":"2025-05-13T07:02:36","guid":{"rendered":"https:\/\/dev.azhr.tv\/martindorado.es\/?post_type=product&#038;p=21387"},"modified":"2025-08-08T10:50:22","modified_gmt":"2025-08-08T08:50:22","slug":"mojama-loncha-md-paq-100-grs","status":"publish","type":"product","link":"https:\/\/dev.azhr.tv\/martindorado.es\/producto\/mojama-loncha-md-paq-100-grs\/","title":{"rendered":"Mojama loncha MD paq. 100 grs."},"content":{"rendered":"","protected":false},"excerpt":{"rendered":"<p>Mojama de At\u00fan en Lonchas MD (100 g)<br \/>\nListas para disfrutar, con todo el sabor del mar.<br \/>\nNuestra mojama de at\u00fan, cortada en finas lonchas, est\u00e1 elaborada siguiendo m\u00e9todos tradicionales que respetan el tiempo y el sabor. Cada loncha es un bocado intenso y elegante, ideal para servir con un buen aceite de oliva virgen extra, sobre pan o como parte de una tabla gourmet.<br \/>\nPerfecta para esos momentos especiales, como aperitivo, entrante o en reuniones con amigos. Pura esencia del mar, en su forma m\u00e1s c\u00f3moda y deliciosa.<br \/>\n\ud83d\udc1f Sabor que se hereda, calidad que se disfruta.<\/p>\n","protected":false},"featured_media":24118,"template":"","meta":[],"product_brand":[303],"product_cat":[184],"product_tag":[220,198],"class_list":{"0":"post-21387","1":"product","2":"type-product","3":"status-publish","4":"has-post-thumbnail","6":"product_brand-martin-dorado","7":"product_cat-salazones","8":"product_tag-mojamas","9":"product_tag-pescados","10":"pa_peso-100-grs","12":"first","13":"instock","14":"taxable","15":"shipping-taxable","16":"purchasable","17":"product-type-simple"},"_links":{"self":[{"href":"https:\/\/dev.azhr.tv\/martindorado.es\/wp-json\/wp\/v2\/product\/21387","targetHints":{"allow":["GET"]}}],"collection":[{"href":"https:\/\/dev.azhr.tv\/martindorado.es\/wp-json\/wp\/v2\/product"}],"about":[{"href":"https:\/\/dev.azhr.tv\/martindorado.es\/wp-json\/wp\/v2\/types\/product"}],"wp:featuredmedia":[{"embeddable":true,"href":"https:\/\/dev.azhr.tv\/martindorado.es\/wp-json\/wp\/v2\/media\/24118"}],"wp:attachment":[{"href":"https:\/\/dev.azhr.tv\/martindorado.es\/wp-json\/wp\/v2\/media?parent=21387"}],"wp:term":[{"taxonomy":"product_brand","embeddable":true,"href":"https:\/\/dev.azhr.tv\/martindorado.es\/wp-json\/wp\/v2\/product_brand?post=21387"},{"taxonomy":"product_cat","embeddable":true,"href":"https:\/\/dev.azhr.tv\/martindorado.es\/wp-json\/wp\/v2\/product_cat?post=21387"},{"taxonomy":"product_tag","embeddable":true,"href":"https:\/\/dev.azhr.tv\/martindorado.es\/wp-json\/wp\/v2\/product_tag?post=21387"}],"curies":[{"name":"wp","href":"https:\/\/api.w.org\/{rel}","templated":true}]}}