{"id":21406,"date":"2025-05-13T10:06:26","date_gmt":"2025-05-13T08:06:26","guid":{"rendered":"https:\/\/dev.azhr.tv\/martindorado.es\/?post_type=product&#038;p=21406"},"modified":"2025-09-17T15:11:07","modified_gmt":"2025-09-17T13:11:07","slug":"atun-fte-tenorio-piri-piri-120-grs","status":"publish","type":"product","link":"https:\/\/dev.azhr.tv\/martindorado.es\/producto\/atun-fte-tenorio-piri-piri-120-grs\/","title":{"rendered":"At\u00fan filete Tenorio piri piri 120 grs."},"content":{"rendered":"","protected":false},"excerpt":{"rendered":"<p>At\u00fan Tenorio Piri Piri 120 g<br \/>\nUn toque picante para los que disfrutan del sabor con car\u00e1cter.<br \/>\nDesde las aguas del Atl\u00e1ntico, en las Azores, llega este at\u00fan de textura firme y sabor profundo, conservado en aceite de oliva con un toque de lim\u00f3n y guindilla Piri Piri.<br \/>\nIdeal para darle chispa a tus platos: m\u00e9zclalo con pasta, s\u00edrvelo sobre pan crujiente o disfr\u00fatalo tal cual.<br \/>\n\ud83d\udd25 Perfecto para cenas ligeras con un punto atrevido o como aperitivo que sorprende.<\/p>\n","protected":false},"featured_media":24501,"template":"","meta":[],"product_brand":[373],"product_cat":[185],"product_tag":[199,286,198],"class_list":{"0":"post-21406","1":"product","2":"type-product","3":"status-publish","4":"has-post-thumbnail","6":"product_brand-tenorio","7":"product_cat-conservas","8":"product_tag-atun","9":"product_tag-conservas","10":"product_tag-pescados","11":"pa_peso-120-grs","13":"first","14":"instock","15":"taxable","16":"shipping-taxable","17":"purchasable","18":"product-type-simple"},"_links":{"self":[{"href":"https:\/\/dev.azhr.tv\/martindorado.es\/wp-json\/wp\/v2\/product\/21406","targetHints":{"allow":["GET"]}}],"collection":[{"href":"https:\/\/dev.azhr.tv\/martindorado.es\/wp-json\/wp\/v2\/product"}],"about":[{"href":"https:\/\/dev.azhr.tv\/martindorado.es\/wp-json\/wp\/v2\/types\/product"}],"wp:featuredmedia":[{"embeddable":true,"href":"https:\/\/dev.azhr.tv\/martindorado.es\/wp-json\/wp\/v2\/media\/24501"}],"wp:attachment":[{"href":"https:\/\/dev.azhr.tv\/martindorado.es\/wp-json\/wp\/v2\/media?parent=21406"}],"wp:term":[{"taxonomy":"product_brand","embeddable":true,"href":"https:\/\/dev.azhr.tv\/martindorado.es\/wp-json\/wp\/v2\/product_brand?post=21406"},{"taxonomy":"product_cat","embeddable":true,"href":"https:\/\/dev.azhr.tv\/martindorado.es\/wp-json\/wp\/v2\/product_cat?post=21406"},{"taxonomy":"product_tag","embeddable":true,"href":"https:\/\/dev.azhr.tv\/martindorado.es\/wp-json\/wp\/v2\/product_tag?post=21406"}],"curies":[{"name":"wp","href":"https:\/\/api.w.org\/{rel}","templated":true}]}}