{"id":21410,"date":"2025-05-13T10:12:14","date_gmt":"2025-05-13T08:12:14","guid":{"rendered":"https:\/\/dev.azhr.tv\/martindorado.es\/?post_type=product&#038;p=21410"},"modified":"2025-08-06T14:32:41","modified_gmt":"2025-08-06T12:32:41","slug":"atun-encebollado-200-grs-pesasur","status":"publish","type":"product","link":"https:\/\/dev.azhr.tv\/martindorado.es\/producto\/atun-encebollado-200-grs-pesasur\/","title":{"rendered":"At\u00fan encebollado 200 grs. Pesasur"},"content":{"rendered":"","protected":false},"excerpt":{"rendered":"<p>At\u00fan Encebollado Pesasur 200 g<br \/>\nSabor casero, directo a tu mesa.<br \/>\nUn cl\u00e1sico de nuestra cocina marinera: at\u00fan tierno y jugoso, acompa\u00f1ado de una cebolla frita en aceite de oliva virgen extra, con un toque de especias que realzan su sabor tradicional.<br \/>\nViene listo para calentar y disfrutar, ideal para una comida r\u00e1pida pero con alma, o para sorprender en una cena informal.<br \/>\nPerfecto con arroz blanco, papas cocidas o una buena rebanada de pan.<br \/>\n\ud83e\udd58 Plato aut\u00e9ntico, sin complicaciones. Solo abrir, calentar\u2026 y disfrutar.<\/p>\n","protected":false},"featured_media":24172,"template":"","meta":[],"product_brand":[238],"product_cat":[185],"product_tag":[199,286,198],"class_list":{"0":"post-21410","1":"product","2":"type-product","3":"status-publish","4":"has-post-thumbnail","6":"product_brand-pesasur","7":"product_cat-conservas","8":"product_tag-atun","9":"product_tag-conservas","10":"product_tag-pescados","11":"pa_peso-200-grs","13":"first","14":"instock","15":"taxable","16":"shipping-taxable","17":"purchasable","18":"product-type-simple"},"_links":{"self":[{"href":"https:\/\/dev.azhr.tv\/martindorado.es\/wp-json\/wp\/v2\/product\/21410","targetHints":{"allow":["GET"]}}],"collection":[{"href":"https:\/\/dev.azhr.tv\/martindorado.es\/wp-json\/wp\/v2\/product"}],"about":[{"href":"https:\/\/dev.azhr.tv\/martindorado.es\/wp-json\/wp\/v2\/types\/product"}],"wp:featuredmedia":[{"embeddable":true,"href":"https:\/\/dev.azhr.tv\/martindorado.es\/wp-json\/wp\/v2\/media\/24172"}],"wp:attachment":[{"href":"https:\/\/dev.azhr.tv\/martindorado.es\/wp-json\/wp\/v2\/media?parent=21410"}],"wp:term":[{"taxonomy":"product_brand","embeddable":true,"href":"https:\/\/dev.azhr.tv\/martindorado.es\/wp-json\/wp\/v2\/product_brand?post=21410"},{"taxonomy":"product_cat","embeddable":true,"href":"https:\/\/dev.azhr.tv\/martindorado.es\/wp-json\/wp\/v2\/product_cat?post=21410"},{"taxonomy":"product_tag","embeddable":true,"href":"https:\/\/dev.azhr.tv\/martindorado.es\/wp-json\/wp\/v2\/product_tag?post=21410"}],"curies":[{"name":"wp","href":"https:\/\/api.w.org\/{rel}","templated":true}]}}