{"id":21414,"date":"2025-05-13T10:21:50","date_gmt":"2025-05-13T08:21:50","guid":{"rendered":"https:\/\/dev.azhr.tv\/martindorado.es\/?post_type=product&#038;p=21414"},"modified":"2025-08-05T15:09:59","modified_gmt":"2025-08-05T13:09:59","slug":"atun-aceite-oliva-1-000-grs-tejero","status":"publish","type":"product","link":"https:\/\/dev.azhr.tv\/martindorado.es\/producto\/atun-aceite-oliva-1-000-grs-tejero\/","title":{"rendered":"At\u00fan aceite oliva 1.000 grs. Tejero"},"content":{"rendered":"","protected":false},"excerpt":{"rendered":"<p>At\u00fan en Aceite de Oliva Tejero \u2013 1000 g<br \/>\nSabor de siempre, calidad que se nota.<br \/>\nNuestro at\u00fan Tejero en conserva es un cl\u00e1sico que nunca falla. Elaborado con at\u00fan de campa\u00f1a, se conserva \u00fanicamente con aceite de oliva y sal, manteniendo intacto su sabor natural y todas sus propiedades nutricionales.<br \/>\nRico en Omega-3, prote\u00ednas y minerales, es ideal para preparar platos completos y saludables: ensaladas, empanadas, rellenos o simplemente con un poco de pan y tomate. Una conserva vers\u00e1til, sabrosa y lista para acompa\u00f1arte en cualquier ocasi\u00f3n.<br \/>\n\ud83e\udd57 Ideal para comidas familiares, eventos o preparaciones en cocina profesional.<\/p>\n","protected":false},"featured_media":24117,"template":"","meta":[],"product_brand":[304],"product_cat":[185],"product_tag":[199,286,198],"class_list":{"0":"post-21414","1":"product","2":"type-product","3":"status-publish","4":"has-post-thumbnail","6":"product_brand-tejero","7":"product_cat-conservas","8":"product_tag-atun","9":"product_tag-conservas","10":"product_tag-pescados","11":"pa_peso-1000-grs","13":"first","14":"instock","15":"taxable","16":"shipping-taxable","17":"purchasable","18":"product-type-simple"},"_links":{"self":[{"href":"https:\/\/dev.azhr.tv\/martindorado.es\/wp-json\/wp\/v2\/product\/21414","targetHints":{"allow":["GET"]}}],"collection":[{"href":"https:\/\/dev.azhr.tv\/martindorado.es\/wp-json\/wp\/v2\/product"}],"about":[{"href":"https:\/\/dev.azhr.tv\/martindorado.es\/wp-json\/wp\/v2\/types\/product"}],"wp:featuredmedia":[{"embeddable":true,"href":"https:\/\/dev.azhr.tv\/martindorado.es\/wp-json\/wp\/v2\/media\/24117"}],"wp:attachment":[{"href":"https:\/\/dev.azhr.tv\/martindorado.es\/wp-json\/wp\/v2\/media?parent=21414"}],"wp:term":[{"taxonomy":"product_brand","embeddable":true,"href":"https:\/\/dev.azhr.tv\/martindorado.es\/wp-json\/wp\/v2\/product_brand?post=21414"},{"taxonomy":"product_cat","embeddable":true,"href":"https:\/\/dev.azhr.tv\/martindorado.es\/wp-json\/wp\/v2\/product_cat?post=21414"},{"taxonomy":"product_tag","embeddable":true,"href":"https:\/\/dev.azhr.tv\/martindorado.es\/wp-json\/wp\/v2\/product_tag?post=21414"}],"curies":[{"name":"wp","href":"https:\/\/api.w.org\/{rel}","templated":true}]}}