{"id":21422,"date":"2025-05-13T10:28:31","date_gmt":"2025-05-13T08:28:31","guid":{"rendered":"https:\/\/dev.azhr.tv\/martindorado.es\/?post_type=product&#038;p=21422"},"modified":"2025-08-06T15:32:26","modified_gmt":"2025-08-06T13:32:26","slug":"melva-filete-aceite-oliva-125-grs-pesasur","status":"publish","type":"product","link":"https:\/\/dev.azhr.tv\/martindorado.es\/producto\/melva-filete-aceite-oliva-125-grs-pesasur\/","title":{"rendered":"Melva filete aceite oliva 125 grs. Pesasur"},"content":{"rendered":"","protected":false},"excerpt":{"rendered":"<p>Melva en Aceite de Oliva R125 \u2013 Pesasur<br \/>\nAutenticidad del sur en cada frasco.<br \/>\nFiletes de melva cuidadosamente limpios y seleccionados, elaborados seg\u00fan el reglamento del Consejo Regulador de las Indicaciones Geogr\u00e1ficas Protegidas (IGP) para la Caballa y Melva de Andaluc\u00eda. Envasados en frasco de cristal con c\u00e1psula met\u00e1lica, estos lomos presentan un color blanco gris\u00e1ceo, una textura suave y un sabor \u00fanico.<br \/>\nUna conserva de alta calidad ideal para quienes valoran el sabor tradicional con garant\u00edas de origen.<\/p>\n<p>\ud83d\udfe2 Producto con IGP Melva de Andaluc\u00eda<br \/>\n\ud83c\udf7d Ideal para ensaladas, tapas o como bocado gourmet<\/p>\n","protected":false},"featured_media":24180,"template":"","meta":[],"product_brand":[238],"product_cat":[185],"product_tag":[286,317,198],"class_list":{"0":"post-21422","1":"product","2":"type-product","3":"status-publish","4":"has-post-thumbnail","6":"product_brand-pesasur","7":"product_cat-conservas","8":"product_tag-conservas","9":"product_tag-melva","10":"product_tag-pescados","11":"pa_peso-125-grs","13":"first","14":"instock","15":"taxable","16":"shipping-taxable","17":"purchasable","18":"product-type-simple"},"_links":{"self":[{"href":"https:\/\/dev.azhr.tv\/martindorado.es\/wp-json\/wp\/v2\/product\/21422","targetHints":{"allow":["GET"]}}],"collection":[{"href":"https:\/\/dev.azhr.tv\/martindorado.es\/wp-json\/wp\/v2\/product"}],"about":[{"href":"https:\/\/dev.azhr.tv\/martindorado.es\/wp-json\/wp\/v2\/types\/product"}],"wp:featuredmedia":[{"embeddable":true,"href":"https:\/\/dev.azhr.tv\/martindorado.es\/wp-json\/wp\/v2\/media\/24180"}],"wp:attachment":[{"href":"https:\/\/dev.azhr.tv\/martindorado.es\/wp-json\/wp\/v2\/media?parent=21422"}],"wp:term":[{"taxonomy":"product_brand","embeddable":true,"href":"https:\/\/dev.azhr.tv\/martindorado.es\/wp-json\/wp\/v2\/product_brand?post=21422"},{"taxonomy":"product_cat","embeddable":true,"href":"https:\/\/dev.azhr.tv\/martindorado.es\/wp-json\/wp\/v2\/product_cat?post=21422"},{"taxonomy":"product_tag","embeddable":true,"href":"https:\/\/dev.azhr.tv\/martindorado.es\/wp-json\/wp\/v2\/product_tag?post=21422"}],"curies":[{"name":"wp","href":"https:\/\/api.w.org\/{rel}","templated":true}]}}