{"id":21428,"date":"2025-05-13T10:38:35","date_gmt":"2025-05-13T08:38:35","guid":{"rendered":"https:\/\/dev.azhr.tv\/martindorado.es\/?post_type=product&#038;p=21428"},"modified":"2025-08-06T15:12:59","modified_gmt":"2025-08-06T13:12:59","slug":"sardinillas-aceite-oliva-etiqueta-negra-125-grs-usisa","status":"publish","type":"product","link":"https:\/\/dev.azhr.tv\/martindorado.es\/producto\/sardinillas-aceite-oliva-etiqueta-negra-125-grs-usisa\/","title":{"rendered":"Sardinillas aceite oliva etiqueta negra 125 grs. Usisa"},"content":{"rendered":"","protected":false},"excerpt":{"rendered":"<p>Sardinillas en Aceite de Oliva \u2013 USISA (125 g)<br \/>\nSardinillas seleccionadas cuidadosamente por su tama\u00f1o uniforme y textura delicada, elaboradas con esmero para garantizar una experiencia gastron\u00f3mica \u00fanica. Su suavidad en boca y el toque del aceite de oliva virgen extra convierten cada bocado en un verdadero placer.<\/p>\n<p>\ud83c\udf7d\ufe0f Perfectas para: Aperitivos, ensaladas, canap\u00e9s o como parte de una tabla gourmet<br \/>\n\ud83c\udf3f Producto 100\u202f% natural, elaborado con materias primas de campa\u00f1a<\/p>\n","protected":false},"featured_media":24176,"template":"","meta":[],"product_brand":[231],"product_cat":[185],"product_tag":[286,198,232],"class_list":{"0":"post-21428","1":"product","2":"type-product","3":"status-publish","4":"has-post-thumbnail","6":"product_brand-usisa","7":"product_cat-conservas","8":"product_tag-conservas","9":"product_tag-pescados","10":"product_tag-sardinas","11":"pa_peso-125-grs","13":"first","14":"instock","15":"taxable","16":"shipping-taxable","17":"purchasable","18":"product-type-simple"},"_links":{"self":[{"href":"https:\/\/dev.azhr.tv\/martindorado.es\/wp-json\/wp\/v2\/product\/21428","targetHints":{"allow":["GET"]}}],"collection":[{"href":"https:\/\/dev.azhr.tv\/martindorado.es\/wp-json\/wp\/v2\/product"}],"about":[{"href":"https:\/\/dev.azhr.tv\/martindorado.es\/wp-json\/wp\/v2\/types\/product"}],"wp:featuredmedia":[{"embeddable":true,"href":"https:\/\/dev.azhr.tv\/martindorado.es\/wp-json\/wp\/v2\/media\/24176"}],"wp:attachment":[{"href":"https:\/\/dev.azhr.tv\/martindorado.es\/wp-json\/wp\/v2\/media?parent=21428"}],"wp:term":[{"taxonomy":"product_brand","embeddable":true,"href":"https:\/\/dev.azhr.tv\/martindorado.es\/wp-json\/wp\/v2\/product_brand?post=21428"},{"taxonomy":"product_cat","embeddable":true,"href":"https:\/\/dev.azhr.tv\/martindorado.es\/wp-json\/wp\/v2\/product_cat?post=21428"},{"taxonomy":"product_tag","embeddable":true,"href":"https:\/\/dev.azhr.tv\/martindorado.es\/wp-json\/wp\/v2\/product_tag?post=21428"}],"curies":[{"name":"wp","href":"https:\/\/api.w.org\/{rel}","templated":true}]}}