{"id":21432,"date":"2025-05-13T10:42:59","date_gmt":"2025-05-13T08:42:59","guid":{"rendered":"https:\/\/dev.azhr.tv\/martindorado.es\/?post_type=product&#038;p=21432"},"modified":"2025-08-06T14:20:27","modified_gmt":"2025-08-06T12:20:27","slug":"salsa-tomate-cristal-acequia","status":"publish","type":"product","link":"https:\/\/dev.azhr.tv\/martindorado.es\/producto\/salsa-tomate-cristal-acequia\/","title":{"rendered":"Salsa tomate cristal Acequia"},"content":{"rendered":"","protected":false},"excerpt":{"rendered":"<p>Elaborada con tomates seleccionados y cocinada de forma artesanal, esta salsa de tomate conserva todo el sabor casero y natural. Su textura suave y su equilibrio justo entre dulzor y acidez la convierten en una base perfecta para numerosos platos.<br \/>\n\ud83c\udf45 Ideal para: Pastas, guisos, pizzas, carnes, pescados o simplemente disfrutarla sola con pan.<\/p>\n<p>\ud83c\udf3f Sabor: Casero, natural y equilibrado<br \/>\n\ud83d\udc69\u200d\ud83c\udf73 Usos: Plato por s\u00ed mismo o como acompa\u00f1amiento vers\u00e1til<\/p>\n<p>Nota: hay personas intolerante a la piel o semillas del tomate.<\/p>\n","protected":false},"featured_media":24171,"template":"","meta":[],"product_brand":[346],"product_cat":[185],"product_tag":[286,351],"class_list":{"0":"post-21432","1":"product","2":"type-product","3":"status-publish","4":"has-post-thumbnail","6":"product_brand-acequia","7":"product_cat-conservas","8":"product_tag-conservas","9":"product_tag-verduras","10":"pa_peso-445-grs","12":"first","13":"instock","14":"taxable","15":"shipping-taxable","16":"purchasable","17":"product-type-simple"},"_links":{"self":[{"href":"https:\/\/dev.azhr.tv\/martindorado.es\/wp-json\/wp\/v2\/product\/21432","targetHints":{"allow":["GET"]}}],"collection":[{"href":"https:\/\/dev.azhr.tv\/martindorado.es\/wp-json\/wp\/v2\/product"}],"about":[{"href":"https:\/\/dev.azhr.tv\/martindorado.es\/wp-json\/wp\/v2\/types\/product"}],"wp:featuredmedia":[{"embeddable":true,"href":"https:\/\/dev.azhr.tv\/martindorado.es\/wp-json\/wp\/v2\/media\/24171"}],"wp:attachment":[{"href":"https:\/\/dev.azhr.tv\/martindorado.es\/wp-json\/wp\/v2\/media?parent=21432"}],"wp:term":[{"taxonomy":"product_brand","embeddable":true,"href":"https:\/\/dev.azhr.tv\/martindorado.es\/wp-json\/wp\/v2\/product_brand?post=21432"},{"taxonomy":"product_cat","embeddable":true,"href":"https:\/\/dev.azhr.tv\/martindorado.es\/wp-json\/wp\/v2\/product_cat?post=21432"},{"taxonomy":"product_tag","embeddable":true,"href":"https:\/\/dev.azhr.tv\/martindorado.es\/wp-json\/wp\/v2\/product_tag?post=21432"}],"curies":[{"name":"wp","href":"https:\/\/api.w.org\/{rel}","templated":true}]}}