{"id":21435,"date":"2025-05-13T10:45:26","date_gmt":"2025-05-13T08:45:26","guid":{"rendered":"https:\/\/dev.azhr.tv\/martindorado.es\/?post_type=product&#038;p=21435"},"modified":"2025-08-05T15:03:29","modified_gmt":"2025-08-05T13:03:29","slug":"almendra-frita-martin-dorado-215-grs","status":"publish","type":"product","link":"https:\/\/dev.azhr.tv\/martindorado.es\/producto\/almendra-frita-martin-dorado-215-grs\/","title":{"rendered":"Almendra frita Martin Dorado 215 grs."},"content":{"rendered":"","protected":false},"excerpt":{"rendered":"<p>Almendras repeladas, fritas con aceite de girasol y un toque justo de sal. De variedad comuna y calidad extra, estas almendras ofrecen un sabor crujiente y natural, perfectas para disfrutar como aperitivo en cualquier momento.<br \/>\nAdem\u00e1s de deliciosas, son una fuente rica en prote\u00ednas, fibra y grasas saludables, ideales para quienes buscan picar entre horas sin renunciar a una opci\u00f3n nutritiva.<\/p>\n<p><strong>Conservaci\u00f3n:<\/strong> Lugar fresco y seco, lejos de luz directa.<br \/>\n\ud83d\udfe4 Origen: Espa\u00f1a<br \/>\n\ud83e\uddc2 Ingredientes: Almendra repelada, aceite de girasol y sal<\/p>\n<p>\ud83d\udc49 Un snack saludable y sabroso para cualquier ocasi\u00f3n.<\/p>\n","protected":false},"featured_media":24115,"template":"","meta":[],"product_brand":[303],"product_cat":[361],"product_tag":[363,345],"class_list":{"0":"post-21435","1":"product","2":"type-product","3":"status-publish","4":"has-post-thumbnail","6":"product_brand-martin-dorado","7":"product_cat-otros-productos","8":"product_tag-frutos-secos","9":"product_tag-vegetal","10":"pa_peso-215-grs","12":"first","13":"instock","14":"taxable","15":"shipping-taxable","16":"purchasable","17":"product-type-simple"},"_links":{"self":[{"href":"https:\/\/dev.azhr.tv\/martindorado.es\/wp-json\/wp\/v2\/product\/21435","targetHints":{"allow":["GET"]}}],"collection":[{"href":"https:\/\/dev.azhr.tv\/martindorado.es\/wp-json\/wp\/v2\/product"}],"about":[{"href":"https:\/\/dev.azhr.tv\/martindorado.es\/wp-json\/wp\/v2\/types\/product"}],"wp:featuredmedia":[{"embeddable":true,"href":"https:\/\/dev.azhr.tv\/martindorado.es\/wp-json\/wp\/v2\/media\/24115"}],"wp:attachment":[{"href":"https:\/\/dev.azhr.tv\/martindorado.es\/wp-json\/wp\/v2\/media?parent=21435"}],"wp:term":[{"taxonomy":"product_brand","embeddable":true,"href":"https:\/\/dev.azhr.tv\/martindorado.es\/wp-json\/wp\/v2\/product_brand?post=21435"},{"taxonomy":"product_cat","embeddable":true,"href":"https:\/\/dev.azhr.tv\/martindorado.es\/wp-json\/wp\/v2\/product_cat?post=21435"},{"taxonomy":"product_tag","embeddable":true,"href":"https:\/\/dev.azhr.tv\/martindorado.es\/wp-json\/wp\/v2\/product_tag?post=21435"}],"curies":[{"name":"wp","href":"https:\/\/api.w.org\/{rel}","templated":true}]}}