{"id":21436,"date":"2025-05-13T10:46:18","date_gmt":"2025-05-13T08:46:18","guid":{"rendered":"https:\/\/dev.azhr.tv\/martindorado.es\/?post_type=product&#038;p=21436"},"modified":"2025-08-08T10:46:30","modified_gmt":"2025-08-08T08:46:30","slug":"escama-sal-salinas-del-aleman-biomaris-bote-100-grs","status":"publish","type":"product","link":"https:\/\/dev.azhr.tv\/martindorado.es\/producto\/escama-sal-salinas-del-aleman-biomaris-bote-100-grs\/","title":{"rendered":"Escama sal Salinas del Alem\u00e1n Biomaris bote 100 grs."},"content":{"rendered":"<p>Fin\u00edsimas l\u00e1minas de sal marina recolectadas artesanalmente en salinas tradicionales. De textura crujiente y color blanco puro, estas escamas de sal aportan un toque gourmet a cualquier plato, realzando sabores sin saturar el paladar.<br \/>\nGracias a su delicadeza, son menos saladas que la sal com\u00fan y conservan oligoelementos naturales como yodo, magnesio, calcio, fl\u00faor e hierro, lo que las convierte en una opci\u00f3n m\u00e1s saludable para condimentar.<br \/>\n\ud83e\uddc2 Ideal para terminar carnes, pescados, ensaladas o verduras a la parrilla.<\/p>\n<p>\ud83c\udf31 Origen: Producci\u00f3n artesanal en salinas<br \/>\n\u2696\ufe0f Textura: Crujiente, ligera y fundente<br \/>\n\ud83d\udc49 Un toque final elegante y natural para elevar tus recetas.<\/p>\n","protected":false},"excerpt":{"rendered":"<p>Fin\u00edsimas l\u00e1minas de sal marina recolectadas artesanalmente en salinas tradicionales. De textura crujiente y color blanco puro, estas escamas de sal aportan un toque gourmet a cualquier plato, realzando sabores&hellip;<\/p>\n","protected":false},"featured_media":24187,"template":"","meta":[],"product_brand":[374,364],"product_cat":[361],"product_tag":[365],"class_list":{"0":"post-21436","1":"product","2":"type-product","3":"status-publish","4":"has-post-thumbnail","6":"product_brand-biomaris","7":"product_brand-salinas-del-aleman","8":"product_cat-otros-productos","9":"product_tag-sal","10":"pa_peso-100-grs","12":"first","13":"instock","14":"taxable","15":"shipping-taxable","16":"purchasable","17":"product-type-simple"},"_links":{"self":[{"href":"https:\/\/dev.azhr.tv\/martindorado.es\/wp-json\/wp\/v2\/product\/21436","targetHints":{"allow":["GET"]}}],"collection":[{"href":"https:\/\/dev.azhr.tv\/martindorado.es\/wp-json\/wp\/v2\/product"}],"about":[{"href":"https:\/\/dev.azhr.tv\/martindorado.es\/wp-json\/wp\/v2\/types\/product"}],"wp:featuredmedia":[{"embeddable":true,"href":"https:\/\/dev.azhr.tv\/martindorado.es\/wp-json\/wp\/v2\/media\/24187"}],"wp:attachment":[{"href":"https:\/\/dev.azhr.tv\/martindorado.es\/wp-json\/wp\/v2\/media?parent=21436"}],"wp:term":[{"taxonomy":"product_brand","embeddable":true,"href":"https:\/\/dev.azhr.tv\/martindorado.es\/wp-json\/wp\/v2\/product_brand?post=21436"},{"taxonomy":"product_cat","embeddable":true,"href":"https:\/\/dev.azhr.tv\/martindorado.es\/wp-json\/wp\/v2\/product_cat?post=21436"},{"taxonomy":"product_tag","embeddable":true,"href":"https:\/\/dev.azhr.tv\/martindorado.es\/wp-json\/wp\/v2\/product_tag?post=21436"}],"curies":[{"name":"wp","href":"https:\/\/api.w.org\/{rel}","templated":true}]}}