{"id":21437,"date":"2025-05-13T10:46:41","date_gmt":"2025-05-13T08:46:41","guid":{"rendered":"https:\/\/dev.azhr.tv\/martindorado.es\/?post_type=product&#038;p=21437"},"modified":"2025-08-08T10:46:30","modified_gmt":"2025-08-08T08:46:30","slug":"flor-sal-salinas-del-aleman-biomaris-100-grs","status":"publish","type":"product","link":"https:\/\/dev.azhr.tv\/martindorado.es\/producto\/flor-sal-salinas-del-aleman-biomaris-100-grs\/","title":{"rendered":"Flor sal Salinas del Alem\u00e1n Biomaris 100 grs."},"content":{"rendered":"<p>Sabor intenso y aroma mediterr\u00e1neo.<br \/>\nD\u00e9jate sorprender por esta exquisita mezcla de flor de sal, ajo natural y or\u00e9gano seco, ideal para quienes buscan elevar sus platos con un toque de car\u00e1cter y autenticidad. El crujir delicado de la flor de sal se fusiona con el aroma profundo del ajo y la frescura del or\u00e9gano, creando un condimento que transforma cualquier receta.<br \/>\n\ud83e\uddc4 Perfecta para carnes a la parrilla, pastas, verduras asadas, salsas o incluso pan con aceite.<\/p>\n<p>\ud83c\udf31 Origen: Recolecci\u00f3n artesanal en salinas<br \/>\n\ud83d\udca1 Uso: A\u00f1adir al final de la cocci\u00f3n para preservar su aroma y textura<br \/>\n\ud83d\udc49 Dale a tus platos un toque r\u00fastico y lleno de sabor con esta mezcla gourmet.<\/p>\n","protected":false},"excerpt":{"rendered":"<p>Sabor intenso y aroma mediterr\u00e1neo. D\u00e9jate sorprender por esta exquisita mezcla de flor de sal, ajo natural y or\u00e9gano seco, ideal para quienes buscan elevar sus platos con un toque&hellip;<\/p>\n","protected":false},"featured_media":24186,"template":"","meta":[],"product_brand":[374,364],"product_cat":[361],"product_tag":[365],"class_list":{"0":"post-21437","1":"product","2":"type-product","3":"status-publish","4":"has-post-thumbnail","6":"product_brand-biomaris","7":"product_brand-salinas-del-aleman","8":"product_cat-otros-productos","9":"product_tag-sal","10":"pa_peso-100-grs","12":"first","13":"instock","14":"taxable","15":"shipping-taxable","16":"purchasable","17":"product-type-simple"},"_links":{"self":[{"href":"https:\/\/dev.azhr.tv\/martindorado.es\/wp-json\/wp\/v2\/product\/21437","targetHints":{"allow":["GET"]}}],"collection":[{"href":"https:\/\/dev.azhr.tv\/martindorado.es\/wp-json\/wp\/v2\/product"}],"about":[{"href":"https:\/\/dev.azhr.tv\/martindorado.es\/wp-json\/wp\/v2\/types\/product"}],"wp:featuredmedia":[{"embeddable":true,"href":"https:\/\/dev.azhr.tv\/martindorado.es\/wp-json\/wp\/v2\/media\/24186"}],"wp:attachment":[{"href":"https:\/\/dev.azhr.tv\/martindorado.es\/wp-json\/wp\/v2\/media?parent=21437"}],"wp:term":[{"taxonomy":"product_brand","embeddable":true,"href":"https:\/\/dev.azhr.tv\/martindorado.es\/wp-json\/wp\/v2\/product_brand?post=21437"},{"taxonomy":"product_cat","embeddable":true,"href":"https:\/\/dev.azhr.tv\/martindorado.es\/wp-json\/wp\/v2\/product_cat?post=21437"},{"taxonomy":"product_tag","embeddable":true,"href":"https:\/\/dev.azhr.tv\/martindorado.es\/wp-json\/wp\/v2\/product_tag?post=21437"}],"curies":[{"name":"wp","href":"https:\/\/api.w.org\/{rel}","templated":true}]}}