{"id":21440,"date":"2025-05-13T10:49:37","date_gmt":"2025-05-13T08:49:37","guid":{"rendered":"https:\/\/dev.azhr.tv\/martindorado.es\/?post_type=product&#038;p=21440"},"modified":"2025-08-08T10:57:46","modified_gmt":"2025-08-08T08:57:46","slug":"tinta-calamar-8-grs-4grs-x-2-sobres","status":"publish","type":"product","link":"https:\/\/dev.azhr.tv\/martindorado.es\/producto\/tinta-calamar-8-grs-4grs-x-2-sobres\/","title":{"rendered":"Tinta calamar 8 grs (4grs x 2 sobres)"},"content":{"rendered":"<p>Color, sabor y tradici\u00f3n del mar.<br \/>\nLa tinta de calamar es un ingrediente esencial en la cocina mediterr\u00e1nea, valorado por su caracter\u00edstico color oscuro y su intenso sabor marino. Extra\u00edda de cefal\u00f3podos como el calamar o la sepia, esta tinta natural es rica en melanina y aporta profundidad y autenticidad a platos como arroces negros, fideu\u00e1s, salsas y guisos de pescado.<br \/>\n\ud83c\udf0a Origen natural: pigmento extra\u00eddo de las gl\u00e1ndulas de tinta del calamar.<br \/>\n\ud83c\udf7d\ufe0f Ideal para: cocina tradicional, recetas gourmet y cocina creativa.<br \/>\n\ud83c\udfa8 Color: negro intenso (conocido como \u201csepia\u201d por la tonalidad que deja la sepia).<br \/>\nUn toque \u00fanico que eleva tus platos a otro nivel.<\/p>\n","protected":false},"excerpt":{"rendered":"<p>Color, sabor y tradici\u00f3n del mar. La tinta de calamar es un ingrediente esencial en la cocina mediterr\u00e1nea, valorado por su caracter\u00edstico color oscuro y su intenso sabor marino. Extra\u00edda&hellip;<\/p>\n","protected":false},"featured_media":24167,"template":"","meta":[],"product_brand":[379],"product_cat":[361],"product_tag":[],"class_list":{"0":"post-21440","1":"product","2":"type-product","3":"status-publish","4":"has-post-thumbnail","6":"product_brand-norma","7":"product_cat-otros-productos","8":"pa_peso-8-grs","10":"first","11":"instock","12":"taxable","13":"shipping-taxable","14":"purchasable","15":"product-type-simple"},"_links":{"self":[{"href":"https:\/\/dev.azhr.tv\/martindorado.es\/wp-json\/wp\/v2\/product\/21440","targetHints":{"allow":["GET"]}}],"collection":[{"href":"https:\/\/dev.azhr.tv\/martindorado.es\/wp-json\/wp\/v2\/product"}],"about":[{"href":"https:\/\/dev.azhr.tv\/martindorado.es\/wp-json\/wp\/v2\/types\/product"}],"wp:featuredmedia":[{"embeddable":true,"href":"https:\/\/dev.azhr.tv\/martindorado.es\/wp-json\/wp\/v2\/media\/24167"}],"wp:attachment":[{"href":"https:\/\/dev.azhr.tv\/martindorado.es\/wp-json\/wp\/v2\/media?parent=21440"}],"wp:term":[{"taxonomy":"product_brand","embeddable":true,"href":"https:\/\/dev.azhr.tv\/martindorado.es\/wp-json\/wp\/v2\/product_brand?post=21440"},{"taxonomy":"product_cat","embeddable":true,"href":"https:\/\/dev.azhr.tv\/martindorado.es\/wp-json\/wp\/v2\/product_cat?post=21440"},{"taxonomy":"product_tag","embeddable":true,"href":"https:\/\/dev.azhr.tv\/martindorado.es\/wp-json\/wp\/v2\/product_tag?post=21440"}],"curies":[{"name":"wp","href":"https:\/\/api.w.org\/{rel}","templated":true}]}}