{"id":22111,"date":"2025-07-01T12:48:37","date_gmt":"2025-07-01T10:48:37","guid":{"rendered":"https:\/\/dev.azhr.tv\/martindorado.es\/?post_type=product&#038;p=22111"},"modified":"2025-08-05T15:00:14","modified_gmt":"2025-08-05T13:00:14","slug":"anchoa-aceite-oliva-serie-limitada-codesa","status":"publish","type":"product","link":"https:\/\/dev.azhr.tv\/martindorado.es\/producto\/anchoa-aceite-oliva-serie-limitada-codesa\/","title":{"rendered":"Anchoa aceite oliva serie limitada CODESA"},"content":{"rendered":"","protected":false},"excerpt":{"rendered":"<p>Anchoas del Cant\u00e1brico en Aceite de Oliva \u2013 CODESA (55 g)<br \/>\nEl aut\u00e9ntico jam\u00f3n del mar, en formato delicado.<br \/>\nElaboradas con bocarte \u201cEngraulis Encrasicolus\u201d capturado al alba en el Cant\u00e1brico, estas anchoas se distinguen por su textura firme y tersa, su sabor delicado y ese buqu\u00e9 inconfundible que permanece en la memoria: un aut\u00e9ntico \u201cjam\u00f3n del mar\u201d.<br \/>\nCon el justo punto de sal y conservadas en un aceite de oliva premiado, rico en Omega 6, son ideales para un aperitivo elegante, una tabla gourmet o un momento especial entre amigos.<br \/>\nTres ingredientes, tres tesoros naturales: anchoa, sal marina y aceite de oliva. Una semiconserva que se disfruta mejor fr\u00eda, entre 5\u00ba y 10\u00baC.<br \/>\n\ud83d\udc1f Peque\u00f1o formato, gran sabor.<\/p>\n","protected":false},"featured_media":24110,"template":"","meta":[],"product_brand":[234],"product_cat":[185],"product_tag":[235,286,198],"class_list":{"0":"post-22111","1":"product","2":"type-product","3":"status-publish","4":"has-post-thumbnail","6":"product_brand-codesa","7":"product_cat-conservas","8":"product_tag-anchoas","9":"product_tag-conservas","10":"product_tag-pescados","11":"pa_peso-55-grs","12":"pa_tamano-7-10-unds","14":"first","15":"instock","16":"taxable","17":"shipping-taxable","18":"purchasable","19":"product-type-simple"},"_links":{"self":[{"href":"https:\/\/dev.azhr.tv\/martindorado.es\/wp-json\/wp\/v2\/product\/22111","targetHints":{"allow":["GET"]}}],"collection":[{"href":"https:\/\/dev.azhr.tv\/martindorado.es\/wp-json\/wp\/v2\/product"}],"about":[{"href":"https:\/\/dev.azhr.tv\/martindorado.es\/wp-json\/wp\/v2\/types\/product"}],"wp:featuredmedia":[{"embeddable":true,"href":"https:\/\/dev.azhr.tv\/martindorado.es\/wp-json\/wp\/v2\/media\/24110"}],"wp:attachment":[{"href":"https:\/\/dev.azhr.tv\/martindorado.es\/wp-json\/wp\/v2\/media?parent=22111"}],"wp:term":[{"taxonomy":"product_brand","embeddable":true,"href":"https:\/\/dev.azhr.tv\/martindorado.es\/wp-json\/wp\/v2\/product_brand?post=22111"},{"taxonomy":"product_cat","embeddable":true,"href":"https:\/\/dev.azhr.tv\/martindorado.es\/wp-json\/wp\/v2\/product_cat?post=22111"},{"taxonomy":"product_tag","embeddable":true,"href":"https:\/\/dev.azhr.tv\/martindorado.es\/wp-json\/wp\/v2\/product_tag?post=22111"}],"curies":[{"name":"wp","href":"https:\/\/api.w.org\/{rel}","templated":true}]}}