{"id":24246,"date":"2025-08-08T09:31:10","date_gmt":"2025-08-08T07:31:10","guid":{"rendered":"https:\/\/dev.azhr.tv\/martindorado.es\/?post_type=product&#038;p=24246"},"modified":"2025-09-17T15:38:23","modified_gmt":"2025-09-17T13:38:23","slug":"pack-regalo-2","status":"publish","type":"product","link":"https:\/\/dev.azhr.tv\/martindorado.es\/producto\/pack-regalo-2\/","title":{"rendered":"Pack Regalo 2"},"content":{"rendered":"","protected":false},"excerpt":{"rendered":"<p>Un homenaje al sabor del mar en su m\u00e1xima expresi\u00f3n, cuidadosamente reunido para sorprender y deleitar a los paladares m\u00e1s exigentes.<\/p>\n<p>Productos incluidos en este pack regalo:<br \/>\n<!--\n\n\n<div class=\"tablaProductosPacksRegalo\">\n\n\n<table>\n\n\n<tbody>\n\n\n<tr>\n\n\n<td>- 1 1 \u00d7 Hueva at\u00fan seca 150 grs.<\/td>\n\n\n\n\n<td>9.42 \u20ac<\/td>\n\n\n<\/tr>\n\n\n\n\n<tr>\n\n\n<td>- 1 At\u00fan filete Tenorio piri piri 120 grs.<\/td>\n\n\n\n\n<td>3.20 \u20ac<\/td>\n\n\n<\/tr>\n\n\n\n\n<tr>\n\n\n<td>- 1 Anchoa aceite oliva serie limitada CODESA<\/td>\n\n\n\n\n<td>8.25 \u20ac<\/td>\n\n\n<\/tr>\n\n\n\n\n<tr>\n\n\n<td>- 1 At\u00fan lomo rojo Aceite Oliva Herpac<\/td>\n\n\n\n\n<td>14.65 \u20ac<\/td>\n\n\n<\/tr>\n\n\n\n\n<tr>\n\n\n<td>- 1 Flor sal Salinas del Alem\u00e1n Biomaris 100 grs.<\/td>\n\n\n\n\n<td>5.10 \u20ac<\/td>\n\n\n<\/tr>\n\n\n<\/tbody>\n\n\n<\/table>\n\n\n<\/div>\n\n\n--><\/p>\n","protected":false},"featured_media":24247,"template":"","meta":[],"product_brand":[374,234,204,303,373],"product_cat":[372],"product_tag":[],"class_list":{"0":"post-24246","1":"product","2":"type-product","3":"status-publish","4":"has-post-thumbnail","6":"product_brand-biomaris","7":"product_brand-codesa","8":"product_brand-herpac","9":"product_brand-martin-dorado","10":"product_brand-tenorio","11":"product_cat-pack-regalo","13":"first","14":"instock","15":"taxable","16":"shipping-taxable","17":"purchasable","18":"product-type-woosb"},"_links":{"self":[{"href":"https:\/\/dev.azhr.tv\/martindorado.es\/wp-json\/wp\/v2\/product\/24246","targetHints":{"allow":["GET"]}}],"collection":[{"href":"https:\/\/dev.azhr.tv\/martindorado.es\/wp-json\/wp\/v2\/product"}],"about":[{"href":"https:\/\/dev.azhr.tv\/martindorado.es\/wp-json\/wp\/v2\/types\/product"}],"wp:featuredmedia":[{"embeddable":true,"href":"https:\/\/dev.azhr.tv\/martindorado.es\/wp-json\/wp\/v2\/media\/24247"}],"wp:attachment":[{"href":"https:\/\/dev.azhr.tv\/martindorado.es\/wp-json\/wp\/v2\/media?parent=24246"}],"wp:term":[{"taxonomy":"product_brand","embeddable":true,"href":"https:\/\/dev.azhr.tv\/martindorado.es\/wp-json\/wp\/v2\/product_brand?post=24246"},{"taxonomy":"product_cat","embeddable":true,"href":"https:\/\/dev.azhr.tv\/martindorado.es\/wp-json\/wp\/v2\/product_cat?post=24246"},{"taxonomy":"product_tag","embeddable":true,"href":"https:\/\/dev.azhr.tv\/martindorado.es\/wp-json\/wp\/v2\/product_tag?post=24246"}],"curies":[{"name":"wp","href":"https:\/\/api.w.org\/{rel}","templated":true}]}}