{"id":24250,"date":"2025-08-08T10:24:58","date_gmt":"2025-08-08T08:24:58","guid":{"rendered":"https:\/\/dev.azhr.tv\/martindorado.es\/?post_type=product&#038;p=24250"},"modified":"2025-09-17T15:40:56","modified_gmt":"2025-09-17T13:40:56","slug":"pack-regalo-3","status":"publish","type":"product","link":"https:\/\/dev.azhr.tv\/martindorado.es\/producto\/pack-regalo-3\/","title":{"rendered":"Pack Regalo 3"},"content":{"rendered":"","protected":false},"excerpt":{"rendered":"<p>Un homenaje al sabor del mar en su m\u00e1xima expresi\u00f3n, cuidadosamente reunido para sorprender y deleitar a los paladares m\u00e1s exigentes.<\/p>\n<p>Productos incluidos en este pack regalo:<br \/>\n<!--\n\n\n<div class=\"tablaProductosPacksRegalo\">\n\n\n<table>\n\n\n<tbody>\n\n\n<tr>\n\n\n<td>- 1 Mojama FP trozos 350 grs.<\/td>\n\n\n\n\n<td>16.45 \u20ac<\/td>\n\n\n<\/tr>\n\n\n\n\n<tr>\n\n\n<td>- 1 Hueva maruca seca<\/td>\n\n\n\n\n<td>11.90 \u20ac<\/td>\n\n\n<\/tr>\n\n\n\n\n<tr>\n\n\n<td>- 1 Anchoa aceite oliva serie oro CODESA 165 grs.<\/td>\n\n\n\n\n<td>17.15 \u20ac<\/td>\n\n\n<\/tr>\n\n\n\n\n<tr>\n\n\n<td>- 1 At\u00fan Mart\u00edn Dorado aceite oliva 120 grs.<\/td>\n\n\n\n\n<td>1.55 \u20ac<\/td>\n\n\n<\/tr>\n\n\n\n\n<tr>\n\n\n<td>- 1 Mejill\u00f3n escabeche 8\/12 unds. Mart\u00edn Dorado<\/td>\n\n\n\n\n<td>3.99 \u20ac<\/td>\n\n\n<\/tr>\n\n\n<\/tbody>\n\n\n<\/table>\n\n\n<\/div>\n\n\n--><\/p>\n","protected":false},"featured_media":24261,"template":"","meta":[],"product_brand":[234,303],"product_cat":[372],"product_tag":[],"class_list":{"0":"post-24250","1":"product","2":"type-product","3":"status-publish","4":"has-post-thumbnail","6":"product_brand-codesa","7":"product_brand-martin-dorado","8":"product_cat-pack-regalo","10":"first","11":"instock","12":"taxable","13":"shipping-taxable","14":"purchasable","15":"product-type-woosb"},"_links":{"self":[{"href":"https:\/\/dev.azhr.tv\/martindorado.es\/wp-json\/wp\/v2\/product\/24250","targetHints":{"allow":["GET"]}}],"collection":[{"href":"https:\/\/dev.azhr.tv\/martindorado.es\/wp-json\/wp\/v2\/product"}],"about":[{"href":"https:\/\/dev.azhr.tv\/martindorado.es\/wp-json\/wp\/v2\/types\/product"}],"wp:featuredmedia":[{"embeddable":true,"href":"https:\/\/dev.azhr.tv\/martindorado.es\/wp-json\/wp\/v2\/media\/24261"}],"wp:attachment":[{"href":"https:\/\/dev.azhr.tv\/martindorado.es\/wp-json\/wp\/v2\/media?parent=24250"}],"wp:term":[{"taxonomy":"product_brand","embeddable":true,"href":"https:\/\/dev.azhr.tv\/martindorado.es\/wp-json\/wp\/v2\/product_brand?post=24250"},{"taxonomy":"product_cat","embeddable":true,"href":"https:\/\/dev.azhr.tv\/martindorado.es\/wp-json\/wp\/v2\/product_cat?post=24250"},{"taxonomy":"product_tag","embeddable":true,"href":"https:\/\/dev.azhr.tv\/martindorado.es\/wp-json\/wp\/v2\/product_tag?post=24250"}],"curies":[{"name":"wp","href":"https:\/\/api.w.org\/{rel}","templated":true}]}}