{"id":24269,"date":"2025-08-14T12:50:24","date_gmt":"2025-08-14T10:50:24","guid":{"rendered":"https:\/\/dev.azhr.tv\/martindorado.es\/?post_type=product&#038;p=24269"},"modified":"2025-09-17T15:43:29","modified_gmt":"2025-09-17T13:43:29","slug":"pack-regalo-6","status":"publish","type":"product","link":"https:\/\/dev.azhr.tv\/martindorado.es\/producto\/pack-regalo-6\/","title":{"rendered":"Pack Regalo 6"},"content":{"rendered":"","protected":false},"excerpt":{"rendered":"<p>Un homenaje al sabor del mar en su m\u00e1xima expresi\u00f3n, cuidadosamente reunido para sorprender y deleitar a los paladares m\u00e1s exigentes.<\/p>\n<p>Productos incluidos en este pack regalo:<br \/>\n<!--\n\n\n<div class=\"tablaProductosPacksRegalo\">\n\n\n<table>\n\n<tbody>\n\n\n<tr>\n\n\n<td>- 1 Fte. sardina prensada 90 grs.<\/td>\n\n\n\n<td>4.99 \u20ac<\/td>\n\n\n<\/tr>\n\n\n\n\n<tr>\n\n\n<td>- 1 Hueva de bacalao embutida MD <\/td>\n\n\n\n<td>1.80 \u20ac<\/td>\n\n\n<\/tr>\n\n\n\n\n<tr>\n\n\n<td>- 1 Salm\u00f3n aceite oliva 125 grs. Pesasur<\/td>\n\n\n\n<td>3.85 \u20ac<\/td>\n\n\n<\/tr>\n\n\n\n\n<tr>\n\n\n<td>- 1 Melva filete aceite oliva 125 grs. Pesasur<\/td>\n\n\n\n<td>3.25 \u20ac<\/td>\n\n\n<\/tr>\n\n\n\n\n<tr>\n\n\n<td>- 1 At\u00fan lomo rojo Aceite Oliva 245 grs. Herpac<\/td>\n\n\n\n<td>14.65 \u20ac<\/td>\n\n\n<\/tr>\n\n\n<\/tbody>\n\n<\/table>\n\n\n<\/div>\n\n\n--><\/p>\n","protected":false},"featured_media":24273,"template":"","meta":[],"product_brand":[204,303,238,231],"product_cat":[372],"product_tag":[],"class_list":{"0":"post-24269","1":"product","2":"type-product","3":"status-publish","4":"has-post-thumbnail","6":"product_brand-herpac","7":"product_brand-martin-dorado","8":"product_brand-pesasur","9":"product_brand-usisa","10":"product_cat-pack-regalo","12":"first","13":"instock","14":"taxable","15":"shipping-taxable","16":"purchasable","17":"product-type-woosb"},"_links":{"self":[{"href":"https:\/\/dev.azhr.tv\/martindorado.es\/wp-json\/wp\/v2\/product\/24269","targetHints":{"allow":["GET"]}}],"collection":[{"href":"https:\/\/dev.azhr.tv\/martindorado.es\/wp-json\/wp\/v2\/product"}],"about":[{"href":"https:\/\/dev.azhr.tv\/martindorado.es\/wp-json\/wp\/v2\/types\/product"}],"wp:featuredmedia":[{"embeddable":true,"href":"https:\/\/dev.azhr.tv\/martindorado.es\/wp-json\/wp\/v2\/media\/24273"}],"wp:attachment":[{"href":"https:\/\/dev.azhr.tv\/martindorado.es\/wp-json\/wp\/v2\/media?parent=24269"}],"wp:term":[{"taxonomy":"product_brand","embeddable":true,"href":"https:\/\/dev.azhr.tv\/martindorado.es\/wp-json\/wp\/v2\/product_brand?post=24269"},{"taxonomy":"product_cat","embeddable":true,"href":"https:\/\/dev.azhr.tv\/martindorado.es\/wp-json\/wp\/v2\/product_cat?post=24269"},{"taxonomy":"product_tag","embeddable":true,"href":"https:\/\/dev.azhr.tv\/martindorado.es\/wp-json\/wp\/v2\/product_tag?post=24269"}],"curies":[{"name":"wp","href":"https:\/\/api.w.org\/{rel}","templated":true}]}}