{"id":24279,"date":"2025-08-14T14:59:33","date_gmt":"2025-08-14T12:59:33","guid":{"rendered":"https:\/\/dev.azhr.tv\/martindorado.es\/?post_type=product&#038;p=24279"},"modified":"2025-09-17T15:44:28","modified_gmt":"2025-09-17T13:44:28","slug":"pack-regalo-8","status":"publish","type":"product","link":"https:\/\/dev.azhr.tv\/martindorado.es\/producto\/pack-regalo-8\/","title":{"rendered":"Pack Regalo 8"},"content":{"rendered":"","protected":false},"excerpt":{"rendered":"<p>Un homenaje al sabor del mar en su m\u00e1xima expresi\u00f3n, cuidadosamente reunido para sorprender y deleitar a los paladares m\u00e1s exigentes.<\/p>\n<p>Productos incluidos en este pack regalo:<br \/>\n<!--\n\n\n<div class=\"tablaProductosPacksRegalo\">\n\n\n<table>\n\n<tbody>\n\n\n<tr>\n\n\n<td>- 1 Pulpo cocido MD pasteurizado 200 grs.<\/td>\n\n\n\n<td>9.25 \u20ac<\/td>\n\n\n<\/tr>\n\n\n\n\n<tr>\n\n\n<td>- 1 Hueva bacalao aceite oliva 120 grs. Usisa<\/td>\n\n\n\n<td>3.20 \u20ac<\/td>\n\n\n<\/tr>\n\n\n\n\n<tr>\n\n\n<td>- 1 Boquerones aceite oliva etiqueta negra Usisa<\/td>\n\n\n\n<td>3.50 \u20ac<\/td>\n\n\n<\/tr>\n\n\n\n\n<tr>\n\n\n<td>- 1 At\u00fan consorcio RO 180 grs.<\/td>\n\n\n\n<td>1.00 \u20ac<\/td>\n\n\n<\/tr>\n\n\n\n\n<tr>\n\n\n<td>- 1 Salsa tomate cristal Acequia<\/td>\n\n\n\n<td>2.50 \u20ac<\/td>\n\n\n<\/tr>\n\n\n<\/tbody>\n\n<\/table>\n\n\n<\/div>\n\n\n--><\/p>\n","protected":false},"featured_media":24280,"template":"","meta":[],"product_brand":[346,237,231],"product_cat":[372],"product_tag":[],"class_list":{"0":"post-24279","1":"product","2":"type-product","3":"status-publish","4":"has-post-thumbnail","6":"product_brand-acequia","7":"product_brand-consorcio","8":"product_brand-usisa","9":"product_cat-pack-regalo","11":"first","12":"instock","13":"taxable","14":"shipping-taxable","15":"purchasable","16":"product-type-woosb"},"_links":{"self":[{"href":"https:\/\/dev.azhr.tv\/martindorado.es\/wp-json\/wp\/v2\/product\/24279","targetHints":{"allow":["GET"]}}],"collection":[{"href":"https:\/\/dev.azhr.tv\/martindorado.es\/wp-json\/wp\/v2\/product"}],"about":[{"href":"https:\/\/dev.azhr.tv\/martindorado.es\/wp-json\/wp\/v2\/types\/product"}],"wp:featuredmedia":[{"embeddable":true,"href":"https:\/\/dev.azhr.tv\/martindorado.es\/wp-json\/wp\/v2\/media\/24280"}],"wp:attachment":[{"href":"https:\/\/dev.azhr.tv\/martindorado.es\/wp-json\/wp\/v2\/media?parent=24279"}],"wp:term":[{"taxonomy":"product_brand","embeddable":true,"href":"https:\/\/dev.azhr.tv\/martindorado.es\/wp-json\/wp\/v2\/product_brand?post=24279"},{"taxonomy":"product_cat","embeddable":true,"href":"https:\/\/dev.azhr.tv\/martindorado.es\/wp-json\/wp\/v2\/product_cat?post=24279"},{"taxonomy":"product_tag","embeddable":true,"href":"https:\/\/dev.azhr.tv\/martindorado.es\/wp-json\/wp\/v2\/product_tag?post=24279"}],"curies":[{"name":"wp","href":"https:\/\/api.w.org\/{rel}","templated":true}]}}