{"id":24356,"date":"2025-08-26T15:02:15","date_gmt":"2025-08-26T13:02:15","guid":{"rendered":"https:\/\/dev.azhr.tv\/martindorado.es\/?post_type=product&#038;p=24356"},"modified":"2025-08-26T15:16:48","modified_gmt":"2025-08-26T13:16:48","slug":"hueva-maruca-seca-200-grs","status":"publish","type":"product","link":"https:\/\/dev.azhr.tv\/martindorado.es\/producto\/hueva-maruca-seca-200-grs\/","title":{"rendered":"Hueva maruca seca 200 grs."},"content":{"rendered":"","protected":false},"excerpt":{"rendered":"<p>Hueva de Maruca Seca (125 g)<br \/>\nUn sabor sorprendente del Atl\u00e1ntico.<br \/>\nProcedente de la maruca, un pez t\u00edpico del oc\u00e9ano Atl\u00e1ntico, esta hueva destaca por su textura carnosa y su sabor intenso y particular. El proceso de secado es completamente artesanal, respetando la tradici\u00f3n para conservar todo su car\u00e1cter.<br \/>\nIdeal para cortar en finas lonchas y disfrutarla con aceite de oliva, en una tabla de salazones, o como protagonista de un aperitivo gourmet.<br \/>\n\ud83c\udf0a Para quienes buscan sabores distintos, con alma de mar.<\/p>\n","protected":false},"featured_media":24120,"template":"","meta":[],"product_brand":[303],"product_cat":[184],"product_tag":[211,198],"class_list":{"0":"post-24356","1":"product","2":"type-product","3":"status-publish","4":"has-post-thumbnail","6":"product_brand-martin-dorado","7":"product_cat-salazones","8":"product_tag-huevas","9":"product_tag-pescados","10":"pa_peso-100-grs","11":"pa_peso-150-grs","12":"pa_peso-200-grs","13":"pa_peso-250-grs","15":"first","16":"instock","17":"taxable","18":"shipping-taxable","19":"purchasable","20":"product-type-simple"},"_links":{"self":[{"href":"https:\/\/dev.azhr.tv\/martindorado.es\/wp-json\/wp\/v2\/product\/24356","targetHints":{"allow":["GET"]}}],"collection":[{"href":"https:\/\/dev.azhr.tv\/martindorado.es\/wp-json\/wp\/v2\/product"}],"about":[{"href":"https:\/\/dev.azhr.tv\/martindorado.es\/wp-json\/wp\/v2\/types\/product"}],"wp:featuredmedia":[{"embeddable":true,"href":"https:\/\/dev.azhr.tv\/martindorado.es\/wp-json\/wp\/v2\/media\/24120"}],"wp:attachment":[{"href":"https:\/\/dev.azhr.tv\/martindorado.es\/wp-json\/wp\/v2\/media?parent=24356"}],"wp:term":[{"taxonomy":"product_brand","embeddable":true,"href":"https:\/\/dev.azhr.tv\/martindorado.es\/wp-json\/wp\/v2\/product_brand?post=24356"},{"taxonomy":"product_cat","embeddable":true,"href":"https:\/\/dev.azhr.tv\/martindorado.es\/wp-json\/wp\/v2\/product_cat?post=24356"},{"taxonomy":"product_tag","embeddable":true,"href":"https:\/\/dev.azhr.tv\/martindorado.es\/wp-json\/wp\/v2\/product_tag?post=24356"}],"curies":[{"name":"wp","href":"https:\/\/api.w.org\/{rel}","templated":true}]}}