{"id":24393,"date":"2025-08-27T15:04:06","date_gmt":"2025-08-27T13:04:06","guid":{"rendered":"https:\/\/dev.azhr.tv\/martindorado.es\/?post_type=product&#038;p=24393"},"modified":"2025-08-27T15:10:17","modified_gmt":"2025-08-27T13:10:17","slug":"hueva-de-bacalao-embutida-martin-dorado","status":"publish","type":"product","link":"https:\/\/dev.azhr.tv\/martindorado.es\/producto\/hueva-de-bacalao-embutida-martin-dorado\/","title":{"rendered":"Hueva de bacalao embutida Mart\u00edn Dorado"},"content":{"rendered":"","protected":false},"excerpt":{"rendered":"<p>La Hueva de Bacalao Embutida Mart\u00edn Dorado es un aut\u00e9ntico manjar del mar, elaborado con esmero para conservar todo su sabor y propiedades. Se presenta en formato embutido, lo que realza su textura firme y delicada, con un gusto intenso y equilibrado que recuerda al mejor bacalao.<\/p>\n<p>Rica en prote\u00ednas y \u00e1cidos grasos omega 3, esta hueva es tan nutritiva como deliciosa. Perfecta para cortar en finas rodajas y disfrutar como aperitivo, acompa\u00f1ar ensaladas o realzar platos gourmet con un toque marino inconfundible.<\/p>\n<p>Un producto selecto, ideal para los paladares que buscan sabores aut\u00e9nticos y tradicionales de nuestras costas.<\/p>\n","protected":false},"featured_media":24124,"template":"","meta":[],"product_brand":[303],"product_cat":[190],"product_tag":[212,211,198],"class_list":{"0":"post-24393","1":"product","2":"type-product","3":"status-publish","4":"has-post-thumbnail","6":"product_brand-martin-dorado","7":"product_cat-productos-frescos","8":"product_tag-bacalaos","9":"product_tag-huevas","10":"product_tag-pescados","11":"pa_peso-85-grs","13":"first","14":"instock","15":"taxable","16":"shipping-taxable","17":"purchasable","18":"product-type-simple"},"_links":{"self":[{"href":"https:\/\/dev.azhr.tv\/martindorado.es\/wp-json\/wp\/v2\/product\/24393","targetHints":{"allow":["GET"]}}],"collection":[{"href":"https:\/\/dev.azhr.tv\/martindorado.es\/wp-json\/wp\/v2\/product"}],"about":[{"href":"https:\/\/dev.azhr.tv\/martindorado.es\/wp-json\/wp\/v2\/types\/product"}],"wp:featuredmedia":[{"embeddable":true,"href":"https:\/\/dev.azhr.tv\/martindorado.es\/wp-json\/wp\/v2\/media\/24124"}],"wp:attachment":[{"href":"https:\/\/dev.azhr.tv\/martindorado.es\/wp-json\/wp\/v2\/media?parent=24393"}],"wp:term":[{"taxonomy":"product_brand","embeddable":true,"href":"https:\/\/dev.azhr.tv\/martindorado.es\/wp-json\/wp\/v2\/product_brand?post=24393"},{"taxonomy":"product_cat","embeddable":true,"href":"https:\/\/dev.azhr.tv\/martindorado.es\/wp-json\/wp\/v2\/product_cat?post=24393"},{"taxonomy":"product_tag","embeddable":true,"href":"https:\/\/dev.azhr.tv\/martindorado.es\/wp-json\/wp\/v2\/product_tag?post=24393"}],"curies":[{"name":"wp","href":"https:\/\/api.w.org\/{rel}","templated":true}]}}