{"id":6185,"date":"2025-03-20T23:29:51","date_gmt":"2025-03-20T22:29:51","guid":{"rendered":"https:\/\/dev.azhr.tv\/proyector.info\/?page_id=6185"},"modified":"2025-05-01T20:15:11","modified_gmt":"2025-05-01T18:15:11","slug":"proyector-2016","status":"publish","type":"page","link":"https:\/\/dev.azhr.tv\/proyector.info\/en\/video-channel\/proyector-2016\/","title":{"rendered":"PROYECTOR 2016"},"content":{"rendered":"\n<div class=\"wp-block-columns is-layout-flex wp-container-core-columns-is-layout-9d6595d7 wp-block-columns-is-layout-flex\">\n<div class=\"wp-block-column is-layout-flow wp-block-column-is-layout-flow\"><\/div>\n<\/div>\n\n\n\n<div class=\"wp-block-columns is-layout-flex wp-container-core-columns-is-layout-9d6595d7 wp-block-columns-is-layout-flex\">\n<div class=\"wp-block-column is-layout-flow wp-block-column-is-layout-flow\">\n<figure class=\"wp-block-embed is-type-video is-provider-youtube wp-block-embed-youtube wp-embed-aspect-16-9 wp-has-aspect-ratio\"><div class=\"wp-block-embed__wrapper\">\n<iframe loading=\"lazy\" title=\"PROYECTOR2016. 9th Videoart Festival\" width=\"480\" height=\"270\" src=\"https:\/\/www.youtube.com\/embed\/IxEUA90JapU?feature=oembed\" frameborder=\"0\" allow=\"accelerometer; autoplay; clipboard-write; encrypted-media; gyroscope; picture-in-picture; web-share\" referrerpolicy=\"strict-origin-when-cross-origin\" allowfullscreen><\/iframe>\n<\/div><\/figure>\n\n\n\n<hr class=\"wp-block-separator has-alpha-channel-opacity is-style-wide\"\/>\n\n\n\n<div class=\"wp-block-columns is-layout-flex wp-container-core-columns-is-layout-9d6595d7 wp-block-columns-is-layout-flex\">\n<div class=\"wp-block-column is-layout-flow wp-block-column-is-layout-flow\">\n<figure class=\"wp-block-embed is-type-video is-provider-youtube wp-block-embed-youtube wp-embed-aspect-16-9 wp-has-aspect-ratio\"><div class=\"wp-block-embed__wrapper\">\n<iframe loading=\"lazy\" title=\"PROYECTOR2016. Mesa Educaci\u00f3n\" width=\"480\" height=\"270\" src=\"https:\/\/www.youtube.com\/embed\/QMreMpbU1hE?feature=oembed\" frameborder=\"0\" allow=\"accelerometer; autoplay; clipboard-write; encrypted-media; gyroscope; picture-in-picture; web-share\" referrerpolicy=\"strict-origin-when-cross-origin\" allowfullscreen><\/iframe>\n<\/div><\/figure>\n\n\n\n<h5 class=\"wp-block-heading has-text-align-center\">PROYECTOR2016. Mesa Educaci\u00f3n<\/h5>\n\n\n\n<hr class=\"wp-block-separator has-alpha-channel-opacity\"\/>\n\n\n\n<figure class=\"wp-block-embed is-type-video is-provider-youtube wp-block-embed-youtube wp-embed-aspect-16-9 wp-has-aspect-ratio\"><div class=\"wp-block-embed__wrapper\">\n<iframe loading=\"lazy\" title=\"PROYECTOR2016. Mesa Redonda Distribuci\u00f3n\" width=\"480\" height=\"270\" src=\"https:\/\/www.youtube.com\/embed\/3P8coY8by3U?feature=oembed\" frameborder=\"0\" allow=\"accelerometer; autoplay; clipboard-write; encrypted-media; gyroscope; picture-in-picture; web-share\" referrerpolicy=\"strict-origin-when-cross-origin\" allowfullscreen><\/iframe>\n<\/div><\/figure>\n\n\n\n<h5 class=\"wp-block-heading has-text-align-center\">PROYECTOR2016. Mesa Redonda Distribuci\u00f3n<\/h5>\n\n\n\n<hr class=\"wp-block-separator has-alpha-channel-opacity\"\/>\n\n\n\n<figure class=\"wp-block-embed is-type-video is-provider-youtube wp-block-embed-youtube wp-embed-aspect-16-9 wp-has-aspect-ratio\"><div class=\"wp-block-embed__wrapper\">\n<iframe loading=\"lazy\" title=\"PROYECTOR2016: Federico Sposato\" width=\"480\" height=\"270\" src=\"https:\/\/www.youtube.com\/embed\/Vw8EBjv87Oc?feature=oembed\" frameborder=\"0\" allow=\"accelerometer; autoplay; clipboard-write; encrypted-media; gyroscope; picture-in-picture; web-share\" referrerpolicy=\"strict-origin-when-cross-origin\" allowfullscreen><\/iframe>\n<\/div><\/figure>\n\n\n\n<h5 class=\"wp-block-heading has-text-align-center\">PROYECTOR2016: Federico Sposato<\/h5>\n\n\n\n<hr class=\"wp-block-separator has-alpha-channel-opacity\"\/>\n\n\n\n<figure class=\"wp-block-embed is-type-video is-provider-youtube wp-block-embed-youtube wp-embed-aspect-16-9 wp-has-aspect-ratio\"><div class=\"wp-block-embed__wrapper\">\n<iframe loading=\"lazy\" title=\"PROYECTOR2016. Isidoro Valc\u00e1rcel Medina\" width=\"480\" height=\"270\" src=\"https:\/\/www.youtube.com\/embed\/8JPmeYx-ir4?feature=oembed\" frameborder=\"0\" allow=\"accelerometer; autoplay; clipboard-write; encrypted-media; gyroscope; picture-in-picture; web-share\" referrerpolicy=\"strict-origin-when-cross-origin\" allowfullscreen><\/iframe>\n<\/div><\/figure>\n\n\n\n<h5 class=\"wp-block-heading has-text-align-center\">PROYECTOR2016. Isidoro Valc\u00e1rcel Medina<\/h5>\n<\/div>\n\n\n\n<div class=\"wp-block-column is-layout-flow wp-block-column-is-layout-flow\">\n<figure class=\"wp-block-embed is-type-video is-provider-youtube wp-block-embed-youtube wp-embed-aspect-16-9 wp-has-aspect-ratio\"><div class=\"wp-block-embed__wrapper\">\n<iframe loading=\"lazy\" title=\"PROYECTOR2016. Mesa Redonda Festivales\" width=\"480\" height=\"270\" src=\"https:\/\/www.youtube.com\/embed\/vmCpv_sNEuw?feature=oembed\" frameborder=\"0\" allow=\"accelerometer; autoplay; clipboard-write; encrypted-media; gyroscope; picture-in-picture; web-share\" referrerpolicy=\"strict-origin-when-cross-origin\" allowfullscreen><\/iframe>\n<\/div><\/figure>\n\n\n\n<h5 class=\"wp-block-heading has-text-align-center\">PROYECTOR2016. Mesa Redonda Festivales<\/h5>\n\n\n\n<hr class=\"wp-block-separator has-alpha-channel-opacity\"\/>\n\n\n\n<figure class=\"wp-block-embed is-type-video is-provider-youtube wp-block-embed-youtube wp-embed-aspect-16-9 wp-has-aspect-ratio\"><div class=\"wp-block-embed__wrapper\">\n<iframe loading=\"lazy\" title=\"PROYECTOR2016: Colectivo PEZ\" width=\"480\" height=\"270\" src=\"https:\/\/www.youtube.com\/embed\/Vcsdv3jKOu0?feature=oembed\" frameborder=\"0\" allow=\"accelerometer; autoplay; clipboard-write; encrypted-media; gyroscope; picture-in-picture; web-share\" referrerpolicy=\"strict-origin-when-cross-origin\" allowfullscreen><\/iframe>\n<\/div><\/figure>\n\n\n\n<h5 class=\"wp-block-heading has-text-align-center\">PROYECTOR2016: Colectivo PEZ<\/h5>\n\n\n\n<hr class=\"wp-block-separator has-alpha-channel-opacity\"\/>\n\n\n\n<figure class=\"wp-block-embed is-type-video is-provider-youtube wp-block-embed-youtube wp-embed-aspect-16-9 wp-has-aspect-ratio\"><div class=\"wp-block-embed__wrapper\">\n<iframe loading=\"lazy\" title=\"PROYECTOR2016. Entrevista a Victor Ripoll\" width=\"480\" height=\"270\" src=\"https:\/\/www.youtube.com\/embed\/d1c8_tqrhJ0?feature=oembed\" frameborder=\"0\" allow=\"accelerometer; autoplay; clipboard-write; encrypted-media; gyroscope; picture-in-picture; web-share\" referrerpolicy=\"strict-origin-when-cross-origin\" allowfullscreen><\/iframe>\n<\/div><\/figure>\n\n\n\n<h5 class=\"wp-block-heading has-text-align-center\">PROYECTOR2016. Entrevista Victor Ripoll<\/h5>\n<\/div>\n<\/div>\n<\/div>\n<\/div>\n\n\n\n<p><\/p>\n","protected":false},"excerpt":{"rendered":"<p>PROYECTOR2016. Mesa Educaci\u00f3n PROYECTOR2016. Mesa Redonda Distribuci\u00f3n PROYECTOR2016: Federico Sposato PROYECTOR2016. Isidoro Valc\u00e1rcel Medina PROYECTOR2016. Mesa Redonda Festivales PROYECTOR2016: Colectivo<\/p>\n","protected":false},"author":1,"featured_media":0,"parent":6164,"menu_order":0,"comment_status":"closed","ping_status":"closed","template":"","meta":{"footnotes":""},"class_list":["post-6185","page","type-page","status-publish","hentry"],"_links":{"self":[{"href":"https:\/\/dev.azhr.tv\/proyector.info\/en\/wp-json\/wp\/v2\/pages\/6185","targetHints":{"allow":["GET"]}}],"collection":[{"href":"https:\/\/dev.azhr.tv\/proyector.info\/en\/wp-json\/wp\/v2\/pages"}],"about":[{"href":"https:\/\/dev.azhr.tv\/proyector.info\/en\/wp-json\/wp\/v2\/types\/page"}],"author":[{"embeddable":true,"href":"https:\/\/dev.azhr.tv\/proyector.info\/en\/wp-json\/wp\/v2\/users\/1"}],"replies":[{"embeddable":true,"href":"https:\/\/dev.azhr.tv\/proyector.info\/en\/wp-json\/wp\/v2\/comments?post=6185"}],"version-history":[{"count":1,"href":"https:\/\/dev.azhr.tv\/proyector.info\/en\/wp-json\/wp\/v2\/pages\/6185\/revisions"}],"predecessor-version":[{"id":6186,"href":"https:\/\/dev.azhr.tv\/proyector.info\/en\/wp-json\/wp\/v2\/pages\/6185\/revisions\/6186"}],"up":[{"embeddable":true,"href":"https:\/\/dev.azhr.tv\/proyector.info\/en\/wp-json\/wp\/v2\/pages\/6164"}],"wp:attachment":[{"href":"https:\/\/dev.azhr.tv\/proyector.info\/en\/wp-json\/wp\/v2\/media?parent=6185"}],"curies":[{"name":"wp","href":"https:\/\/api.w.org\/{rel}","templated":true}]}}