{"id":6487,"date":"2025-03-20T23:09:14","date_gmt":"2025-03-20T22:09:14","guid":{"rendered":"https:\/\/dev.azhr.tv\/proyector.info\/proyector-2019\/"},"modified":"2025-05-01T20:15:39","modified_gmt":"2025-05-01T18:15:39","slug":"proyector-2019","status":"publish","type":"page","link":"https:\/\/dev.azhr.tv\/proyector.info\/proyector-2019\/","title":{"rendered":"PROYECTOR 2019"},"content":{"rendered":"\n<div class=\"wp-block-columns is-layout-flex wp-container-core-columns-is-layout-9d6595d7 wp-block-columns-is-layout-flex\">\n<div class=\"wp-block-column is-layout-flow wp-block-column-is-layout-flow\"><\/div>\n<\/div>\n\n\n\n<div class=\"wp-block-columns is-layout-flex wp-container-core-columns-is-layout-9d6595d7 wp-block-columns-is-layout-flex\">\n<div class=\"wp-block-column is-layout-flow wp-block-column-is-layout-flow\">\n<figure class=\"wp-block-embed is-type-video is-provider-youtube wp-block-embed-youtube wp-embed-aspect-16-9 wp-has-aspect-ratio\"><div class=\"wp-block-embed__wrapper\">\n<iframe loading=\"lazy\" title=\"PROYECTOR2019. Resumen\" width=\"480\" height=\"270\" src=\"https:\/\/www.youtube.com\/embed\/t0LLpLZd5Xo?feature=oembed\" frameborder=\"0\" allow=\"accelerometer; autoplay; clipboard-write; encrypted-media; gyroscope; picture-in-picture; web-share\" referrerpolicy=\"strict-origin-when-cross-origin\" allowfullscreen><\/iframe>\n<\/div><\/figure>\n\n\n\n<hr class=\"wp-block-separator has-alpha-channel-opacity is-style-wide\"\/>\n\n\n\n<div class=\"wp-block-columns is-layout-flex wp-container-core-columns-is-layout-9d6595d7 wp-block-columns-is-layout-flex\">\n<div class=\"wp-block-column is-layout-flow wp-block-column-is-layout-flow\">\n<figure class=\"wp-block-embed is-type-video is-provider-youtube wp-block-embed-youtube wp-embed-aspect-16-9 wp-has-aspect-ratio\"><div class=\"wp-block-embed__wrapper\">\n<iframe loading=\"lazy\" title=\"JUST A REVOLUTIONARY SONG. 12.12.2019\" width=\"480\" height=\"270\" src=\"https:\/\/www.youtube.com\/embed\/8JVYhzYpbO8?feature=oembed\" frameborder=\"0\" allow=\"accelerometer; autoplay; clipboard-write; encrypted-media; gyroscope; picture-in-picture; web-share\" referrerpolicy=\"strict-origin-when-cross-origin\" allowfullscreen><\/iframe>\n<\/div><\/figure>\n\n\n\n<h5 class=\"wp-block-heading has-text-align-center\">JUST A REVOLUTIONARY SONG. 12.12.2019<\/h5>\n\n\n\n<hr class=\"wp-block-separator has-alpha-channel-opacity\"\/>\n\n\n\n<figure class=\"wp-block-embed is-type-video is-provider-youtube wp-block-embed-youtube wp-embed-aspect-16-9 wp-has-aspect-ratio\"><div class=\"wp-block-embed__wrapper\">\n<iframe loading=\"lazy\" title=\"PROYECTOR2019. Canciones para una revolucio\u0301n en Tabacalera Promoci\u00f3n del Arte\" width=\"480\" height=\"270\" src=\"https:\/\/www.youtube.com\/embed\/pX9GS6Ezo-M?feature=oembed\" frameborder=\"0\" allow=\"accelerometer; autoplay; clipboard-write; encrypted-media; gyroscope; picture-in-picture; web-share\" referrerpolicy=\"strict-origin-when-cross-origin\" allowfullscreen><\/iframe>\n<\/div><\/figure>\n\n\n\n<h5 class=\"wp-block-heading has-text-align-center\">PROYECTOR2019. Canciones para una revoluci\u00f3n en Tabacalera Promoci\u00f3n del Arte<\/h5>\n\n\n\n<hr class=\"wp-block-separator has-alpha-channel-opacity\"\/>\n\n\n\n<figure class=\"wp-block-embed is-type-video is-provider-youtube wp-block-embed-youtube wp-embed-aspect-16-9 wp-has-aspect-ratio\"><div class=\"wp-block-embed__wrapper\">\n<iframe loading=\"lazy\" title=\"PROYECTOR2019. 20.09.2019. Alcal\u00e1 31. Encuentros Profesionales IV\" width=\"480\" height=\"270\" src=\"https:\/\/www.youtube.com\/embed\/Uk34jgwZuhY?feature=oembed\" frameborder=\"0\" allow=\"accelerometer; autoplay; clipboard-write; encrypted-media; gyroscope; picture-in-picture; web-share\" referrerpolicy=\"strict-origin-when-cross-origin\" allowfullscreen><\/iframe>\n<\/div><\/figure>\n\n\n\n<h5 class=\"wp-block-heading has-text-align-center\">PROYECTOR2019. 20.09.2019. Alcal\u00e1 31. Encuentros Profesionales IV<\/h5>\n\n\n\n<hr class=\"wp-block-separator has-alpha-channel-opacity\"\/>\n\n\n\n<figure class=\"wp-block-embed is-type-video is-provider-youtube wp-block-embed-youtube wp-embed-aspect-16-9 wp-has-aspect-ratio\"><div class=\"wp-block-embed__wrapper\">\n<iframe loading=\"lazy\" title=\"PROYECTOR2019. 19.09.2019. CA2M. Paloma Polo\" width=\"480\" height=\"270\" src=\"https:\/\/www.youtube.com\/embed\/oEUv4Ew6IR8?feature=oembed\" frameborder=\"0\" allow=\"accelerometer; autoplay; clipboard-write; encrypted-media; gyroscope; picture-in-picture; web-share\" referrerpolicy=\"strict-origin-when-cross-origin\" allowfullscreen><\/iframe>\n<\/div><\/figure>\n\n\n\n<h5 class=\"wp-block-heading has-text-align-center\">PROYECTOR2019. 19.09.2019. CA2M. Paloma Polo<\/h5>\n<\/div>\n\n\n\n<div class=\"wp-block-column is-layout-flow wp-block-column-is-layout-flow\">\n<figure class=\"wp-block-embed is-type-video is-provider-youtube wp-block-embed-youtube wp-embed-aspect-16-9 wp-has-aspect-ratio\"><div class=\"wp-block-embed__wrapper\">\n<iframe loading=\"lazy\" title=\"Canciones para una revoluci\u00f3n. Encuentro de artistas. 22.11.2019\" width=\"480\" height=\"270\" src=\"https:\/\/www.youtube.com\/embed\/BM7Mr7CxUG8?feature=oembed\" frameborder=\"0\" allow=\"accelerometer; autoplay; clipboard-write; encrypted-media; gyroscope; picture-in-picture; web-share\" referrerpolicy=\"strict-origin-when-cross-origin\" allowfullscreen><\/iframe>\n<\/div><\/figure>\n\n\n\n<h5 class=\"wp-block-heading has-text-align-center\">Canciones para una revoluci\u00f3n. Encuentro de artistas. 22.11.2019<\/h5>\n\n\n\n<hr class=\"wp-block-separator has-alpha-channel-opacity\"\/>\n\n\n\n<figure class=\"wp-block-embed is-type-video is-provider-youtube wp-block-embed-youtube wp-embed-aspect-16-9 wp-has-aspect-ratio\"><div class=\"wp-block-embed__wrapper\">\n<iframe loading=\"lazy\" title=\"PROYECTOR2019. 20.09.2019. Alcal\u00e1 31. Encuentros Profesionales III\" width=\"480\" height=\"270\" src=\"https:\/\/www.youtube.com\/embed\/CpzsZdh1VX8?feature=oembed\" frameborder=\"0\" allow=\"accelerometer; autoplay; clipboard-write; encrypted-media; gyroscope; picture-in-picture; web-share\" referrerpolicy=\"strict-origin-when-cross-origin\" allowfullscreen><\/iframe>\n<\/div><\/figure>\n\n\n\n<h5 class=\"wp-block-heading has-text-align-center\">PROYECTOR2019. 20.09.2019. Alcal\u00e1 31. Encuentros Profesionales III<\/h5>\n\n\n\n<hr class=\"wp-block-separator has-alpha-channel-opacity\"\/>\n\n\n\n<figure class=\"wp-block-embed is-type-video is-provider-youtube wp-block-embed-youtube wp-embed-aspect-16-9 wp-has-aspect-ratio\"><div class=\"wp-block-embed__wrapper\">\n<iframe loading=\"lazy\" title=\"PROYECTOR2019. 18.09.2019. Instituto Cervantes\" width=\"480\" height=\"270\" src=\"https:\/\/www.youtube.com\/embed\/bArrtDskT30?feature=oembed\" frameborder=\"0\" allow=\"accelerometer; autoplay; clipboard-write; encrypted-media; gyroscope; picture-in-picture; web-share\" referrerpolicy=\"strict-origin-when-cross-origin\" allowfullscreen><\/iframe>\n<\/div><\/figure>\n\n\n\n<h5 class=\"wp-block-heading has-text-align-center\">PROYECTOR2019. 18.09.2019. Instituto Cervantes<\/h5>\n\n\n\n<hr class=\"wp-block-separator has-alpha-channel-opacity\"\/>\n\n\n\n<p><a href=\"https:\/\/www.rtve.es\/play\/videos\/metropolis\/metropolis-proyector-2019\/5417823\">https:\/\/www.rtve.es\/play\/videos\/metropolis\/metropolis-proyector-2019\/5417823<\/a><\/p>\n\n\n\n<h5 class=\"wp-block-heading has-text-align-center\">Encuentro de Artistas 2\/2<\/h5>\n<\/div>\n<\/div>\n<\/div>\n<\/div>\n\n\n\n<p><\/p>\n","protected":false},"excerpt":{"rendered":"<p>JUST A REVOLUTIONARY SONG. 12.12.2019 PROYECTOR2019. Canciones para una revoluci\u00f3n en Tabacalera Promoci\u00f3n del Arte PROYECTOR2019. 20.09.2019. Alcal\u00e1 31. Encuentros<\/p>\n","protected":false},"author":1,"featured_media":0,"parent":0,"menu_order":0,"comment_status":"closed","ping_status":"closed","template":"","meta":{"footnotes":""},"class_list":["post-6487","page","type-page","status-publish","hentry"],"_links":{"self":[{"href":"https:\/\/dev.azhr.tv\/proyector.info\/wp-json\/wp\/v2\/pages\/6487","targetHints":{"allow":["GET"]}}],"collection":[{"href":"https:\/\/dev.azhr.tv\/proyector.info\/wp-json\/wp\/v2\/pages"}],"about":[{"href":"https:\/\/dev.azhr.tv\/proyector.info\/wp-json\/wp\/v2\/types\/page"}],"author":[{"embeddable":true,"href":"https:\/\/dev.azhr.tv\/proyector.info\/wp-json\/wp\/v2\/users\/1"}],"replies":[{"embeddable":true,"href":"https:\/\/dev.azhr.tv\/proyector.info\/wp-json\/wp\/v2\/comments?post=6487"}],"version-history":[{"count":1,"href":"https:\/\/dev.azhr.tv\/proyector.info\/wp-json\/wp\/v2\/pages\/6487\/revisions"}],"predecessor-version":[{"id":6488,"href":"https:\/\/dev.azhr.tv\/proyector.info\/wp-json\/wp\/v2\/pages\/6487\/revisions\/6488"}],"wp:attachment":[{"href":"https:\/\/dev.azhr.tv\/proyector.info\/wp-json\/wp\/v2\/media?parent=6487"}],"curies":[{"name":"wp","href":"https:\/\/api.w.org\/{rel}","templated":true}]}}