{"id":6491,"date":"2025-03-20T22:52:16","date_gmt":"2025-03-20T21:52:16","guid":{"rendered":"https:\/\/dev.azhr.tv\/proyector.info\/proyector-2021\/"},"modified":"2025-05-01T20:15:57","modified_gmt":"2025-05-01T18:15:57","slug":"proyector-2021","status":"publish","type":"page","link":"https:\/\/dev.azhr.tv\/proyector.info\/proyector-2021\/","title":{"rendered":"PROYECTOR 2021"},"content":{"rendered":"\n<div class=\"wp-block-columns is-layout-flex wp-container-core-columns-is-layout-9d6595d7 wp-block-columns-is-layout-flex\">\n<div class=\"wp-block-column is-layout-flow wp-block-column-is-layout-flow\"><\/div>\n<\/div>\n\n\n\n<div class=\"wp-block-columns is-layout-flex wp-container-core-columns-is-layout-9d6595d7 wp-block-columns-is-layout-flex\">\n<div class=\"wp-block-column is-layout-flow wp-block-column-is-layout-flow\">\n<figure class=\"wp-block-embed is-type-video is-provider-youtube wp-block-embed-youtube wp-embed-aspect-16-9 wp-has-aspect-ratio\"><div class=\"wp-block-embed__wrapper\">\n<iframe loading=\"lazy\" title=\"PROYECTOR2021\" width=\"480\" height=\"270\" src=\"https:\/\/www.youtube.com\/embed\/tzPoTeGNoE0?feature=oembed\" frameborder=\"0\" allow=\"accelerometer; autoplay; clipboard-write; encrypted-media; gyroscope; picture-in-picture; web-share\" referrerpolicy=\"strict-origin-when-cross-origin\" allowfullscreen><\/iframe>\n<\/div><\/figure>\n\n\n\n<hr class=\"wp-block-separator has-alpha-channel-opacity is-style-wide\"\/>\n\n\n\n<div class=\"wp-block-columns is-layout-flex wp-container-core-columns-is-layout-9d6595d7 wp-block-columns-is-layout-flex\">\n<div class=\"wp-block-column is-layout-flow wp-block-column-is-layout-flow\">\n<figure class=\"wp-block-embed is-type-video is-provider-youtube wp-block-embed-youtube wp-embed-aspect-16-9 wp-has-aspect-ratio\"><div class=\"wp-block-embed__wrapper\">\n<iframe loading=\"lazy\" title=\"PROYECTOR2021.16.09.2021. Instituto Franc\u00e9s. Perfomance\" width=\"480\" height=\"270\" src=\"https:\/\/www.youtube.com\/embed\/z1UcbvQ5HQA?feature=oembed\" frameborder=\"0\" allow=\"accelerometer; autoplay; clipboard-write; encrypted-media; gyroscope; picture-in-picture; web-share\" referrerpolicy=\"strict-origin-when-cross-origin\" allowfullscreen><\/iframe>\n<\/div><\/figure>\n\n\n\n<h5 class=\"wp-block-heading has-text-align-center\">PROYECTOR2021.16.09.2021. Instituto Franc\u00e9s. Perfomance<\/h5>\n\n\n\n<hr class=\"wp-block-separator has-alpha-channel-opacity\"\/>\n\n\n\n<figure class=\"wp-block-embed is-type-video is-provider-youtube wp-block-embed-youtube wp-embed-aspect-16-9 wp-has-aspect-ratio\"><div class=\"wp-block-embed__wrapper\">\n<iframe loading=\"lazy\" title=\"PROYECTOR21. 18.09.2021. Alcal\u00e1 31. 11h. Encuentros Profesionales I\" width=\"480\" height=\"270\" src=\"https:\/\/www.youtube.com\/embed\/1cqd5HuXf5g?feature=oembed\" frameborder=\"0\" allow=\"accelerometer; autoplay; clipboard-write; encrypted-media; gyroscope; picture-in-picture; web-share\" referrerpolicy=\"strict-origin-when-cross-origin\" allowfullscreen><\/iframe>\n<\/div><\/figure>\n\n\n\n<h5 class=\"wp-block-heading has-text-align-center\">PROYECTOR21. 18.09.2021. Alcal\u00e1 31. 11h. Encuentros Profesionales I<\/h5>\n\n\n\n<hr class=\"wp-block-separator has-alpha-channel-opacity\"\/>\n\n\n\n<figure class=\"wp-block-embed is-type-video is-provider-youtube wp-block-embed-youtube wp-embed-aspect-16-9 wp-has-aspect-ratio\"><div class=\"wp-block-embed__wrapper\">\n<iframe loading=\"lazy\" title=\"PROYECTOR21. 10.09.2021 Casa \u00c1rabe\" width=\"480\" height=\"270\" src=\"https:\/\/www.youtube.com\/embed\/_grGKUqRoIE?feature=oembed\" frameborder=\"0\" allow=\"accelerometer; autoplay; clipboard-write; encrypted-media; gyroscope; picture-in-picture; web-share\" referrerpolicy=\"strict-origin-when-cross-origin\" allowfullscreen><\/iframe>\n<\/div><\/figure>\n\n\n\n<h5 class=\"wp-block-heading has-text-align-center\">PROYECTOR21. 10.09.2021 Casa \u00c1rabe<\/h5>\n\n\n\n<hr class=\"wp-block-separator has-alpha-channel-opacity\"\/>\n\n\n\n<figure class=\"wp-block-embed is-type-video is-provider-youtube wp-block-embed-youtube wp-embed-aspect-16-9 wp-has-aspect-ratio\"><div class=\"wp-block-embed__wrapper\">\n<iframe loading=\"lazy\" title=\"PROYECTOR2021. 11.09.2021 El \u00c1guila Performance de WATZINGER&amp;TAZREITER\" width=\"480\" height=\"270\" src=\"https:\/\/www.youtube.com\/embed\/wKH5hVAP9Ds?feature=oembed\" frameborder=\"0\" allow=\"accelerometer; autoplay; clipboard-write; encrypted-media; gyroscope; picture-in-picture; web-share\" referrerpolicy=\"strict-origin-when-cross-origin\" allowfullscreen><\/iframe>\n<\/div><\/figure>\n\n\n\n<h5 class=\"wp-block-heading has-text-align-center\">PROYECTOR2021. 11.09.2021 El \u00c1guila Performance de WATZINGER&amp;TAZREITER<\/h5>\n\n\n\n<hr class=\"wp-block-separator has-alpha-channel-opacity\"\/>\n\n\n\n<figure class=\"wp-block-embed is-type-video is-provider-youtube wp-block-embed-youtube wp-embed-aspect-16-9 wp-has-aspect-ratio\"><div class=\"wp-block-embed__wrapper\">\n<iframe loading=\"lazy\" title=\"Canciones para una revoluci\u00f3n - CCE MONTEVIDEO\" width=\"480\" height=\"270\" src=\"https:\/\/www.youtube.com\/embed\/rXE7akySt9g?feature=oembed\" frameborder=\"0\" allow=\"accelerometer; autoplay; clipboard-write; encrypted-media; gyroscope; picture-in-picture; web-share\" referrerpolicy=\"strict-origin-when-cross-origin\" allowfullscreen><\/iframe>\n<\/div><\/figure>\n\n\n\n<h5 class=\"wp-block-heading has-text-align-center\">Canciones para una revoluci\u00f3n \u2013 CCE MONTEVIDEO<\/h5>\n<\/div>\n\n\n\n<div class=\"wp-block-column is-layout-flow wp-block-column-is-layout-flow\">\n<figure class=\"wp-block-embed is-type-video is-provider-youtube wp-block-embed-youtube wp-embed-aspect-16-9 wp-has-aspect-ratio\"><div class=\"wp-block-embed__wrapper\">\n<iframe loading=\"lazy\" title=\"PROYECTOR21. 17.09.2021. CondeDuque. 17h. Encuentro Artistas\" width=\"480\" height=\"270\" src=\"https:\/\/www.youtube.com\/embed\/xvI8l4l18Rw?feature=oembed\" frameborder=\"0\" allow=\"accelerometer; autoplay; clipboard-write; encrypted-media; gyroscope; picture-in-picture; web-share\" referrerpolicy=\"strict-origin-when-cross-origin\" allowfullscreen><\/iframe>\n<\/div><\/figure>\n\n\n\n<h5 class=\"wp-block-heading has-text-align-center\">PROYECTOR21. 17.09.2021. CondeDuque. 17h. Encuentro Artistas<\/h5>\n\n\n\n<hr class=\"wp-block-separator has-alpha-channel-opacity\"\/>\n\n\n\n<figure class=\"wp-block-embed is-type-video is-provider-youtube wp-block-embed-youtube wp-embed-aspect-16-9 wp-has-aspect-ratio\"><div class=\"wp-block-embed__wrapper\">\n<iframe loading=\"lazy\" title=\"PROYECTOR21. 18.09.2021. Alcal\u00e1 31. 12:45h. Encuentros Profesionales II\" width=\"480\" height=\"270\" src=\"https:\/\/www.youtube.com\/embed\/pnmH_XrC3YI?feature=oembed\" frameborder=\"0\" allow=\"accelerometer; autoplay; clipboard-write; encrypted-media; gyroscope; picture-in-picture; web-share\" referrerpolicy=\"strict-origin-when-cross-origin\" allowfullscreen><\/iframe>\n<\/div><\/figure>\n\n\n\n<h5 class=\"wp-block-heading has-text-align-center\">PROYECTOR21. 18.09.2021. Alcal\u00e1 31.\u00a012:45h. Encuentros Profesionales II<\/h5>\n\n\n\n<hr class=\"wp-block-separator has-alpha-channel-opacity\"\/>\n\n\n\n<figure class=\"wp-block-embed is-type-video is-provider-youtube wp-block-embed-youtube wp-embed-aspect-16-9 wp-has-aspect-ratio\"><div class=\"wp-block-embed__wrapper\">\n<iframe loading=\"lazy\" title=\"PROYECTOR21. 12.09.2021 AVAM Presentaci\u00f3n Libro\" width=\"480\" height=\"270\" src=\"https:\/\/www.youtube.com\/embed\/8Jg48tg_dsE?feature=oembed\" frameborder=\"0\" allow=\"accelerometer; autoplay; clipboard-write; encrypted-media; gyroscope; picture-in-picture; web-share\" referrerpolicy=\"strict-origin-when-cross-origin\" allowfullscreen><\/iframe>\n<\/div><\/figure>\n\n\n\n<h5 class=\"wp-block-heading has-text-align-center\">PROYECTOR21. 12.09.2021 AVAM Presentaci\u00f3n Libro<\/h5>\n\n\n\n<hr class=\"wp-block-separator has-alpha-channel-opacity\"\/>\n\n\n\n<figure class=\"wp-block-embed is-type-video is-provider-youtube wp-block-embed-youtube wp-embed-aspect-16-9 wp-has-aspect-ratio\"><div class=\"wp-block-embed__wrapper\">\n<iframe loading=\"lazy\" title=\"PROYECTOR2021.11.09.2021 El \u00c1guila Performance de T\u00e2nia Dinis\" width=\"480\" height=\"270\" src=\"https:\/\/www.youtube.com\/embed\/sBYARcu4M9I?feature=oembed\" frameborder=\"0\" allow=\"accelerometer; autoplay; clipboard-write; encrypted-media; gyroscope; picture-in-picture; web-share\" referrerpolicy=\"strict-origin-when-cross-origin\" allowfullscreen><\/iframe>\n<\/div><\/figure>\n\n\n\n<h5 class=\"wp-block-heading has-text-align-center\">PROYECTOR2021.11.09.2021 El \u00c1guila Performance de T\u00e2nia Dinis<\/h5>\n\n\n\n<hr class=\"wp-block-separator has-alpha-channel-opacity\"\/>\n\n\n\n<figure class=\"wp-block-embed is-type-video is-provider-youtube wp-block-embed-youtube wp-embed-aspect-16-9 wp-has-aspect-ratio\"><div class=\"wp-block-embed__wrapper\">\n<iframe loading=\"lazy\" title=\"Canciones para una revoluci\u00f3n - CCE EL SALVADOR\" width=\"480\" height=\"270\" src=\"https:\/\/www.youtube.com\/embed\/PdVtd6rNM0Q?feature=oembed\" frameborder=\"0\" allow=\"accelerometer; autoplay; clipboard-write; encrypted-media; gyroscope; picture-in-picture; web-share\" referrerpolicy=\"strict-origin-when-cross-origin\" allowfullscreen><\/iframe>\n<\/div><\/figure>\n\n\n\n<h5 class=\"wp-block-heading has-text-align-center\">Canciones para una revoluci\u00f3n \u2013 CCE EL SALVADOR<\/h5>\n<\/div>\n<\/div>\n<\/div>\n<\/div>\n\n\n\n<p><\/p>\n","protected":false},"excerpt":{"rendered":"<p>PROYECTOR2021.16.09.2021. Instituto Franc\u00e9s. Perfomance PROYECTOR21. 18.09.2021. Alcal\u00e1 31. 11h. Encuentros Profesionales I PROYECTOR21. 10.09.2021 Casa \u00c1rabe PROYECTOR2021. 11.09.2021 El \u00c1guila<\/p>\n","protected":false},"author":1,"featured_media":0,"parent":0,"menu_order":0,"comment_status":"closed","ping_status":"closed","template":"","meta":{"footnotes":""},"class_list":["post-6491","page","type-page","status-publish","hentry"],"_links":{"self":[{"href":"https:\/\/dev.azhr.tv\/proyector.info\/wp-json\/wp\/v2\/pages\/6491","targetHints":{"allow":["GET"]}}],"collection":[{"href":"https:\/\/dev.azhr.tv\/proyector.info\/wp-json\/wp\/v2\/pages"}],"about":[{"href":"https:\/\/dev.azhr.tv\/proyector.info\/wp-json\/wp\/v2\/types\/page"}],"author":[{"embeddable":true,"href":"https:\/\/dev.azhr.tv\/proyector.info\/wp-json\/wp\/v2\/users\/1"}],"replies":[{"embeddable":true,"href":"https:\/\/dev.azhr.tv\/proyector.info\/wp-json\/wp\/v2\/comments?post=6491"}],"version-history":[{"count":1,"href":"https:\/\/dev.azhr.tv\/proyector.info\/wp-json\/wp\/v2\/pages\/6491\/revisions"}],"predecessor-version":[{"id":6492,"href":"https:\/\/dev.azhr.tv\/proyector.info\/wp-json\/wp\/v2\/pages\/6491\/revisions\/6492"}],"wp:attachment":[{"href":"https:\/\/dev.azhr.tv\/proyector.info\/wp-json\/wp\/v2\/media?parent=6491"}],"curies":[{"name":"wp","href":"https:\/\/api.w.org\/{rel}","templated":true}]}}