{"id":6651,"date":"2025-05-02T14:17:36","date_gmt":"2025-05-02T12:17:36","guid":{"rendered":"https:\/\/dev.azhr.tv\/proyector.info?page_id=6651"},"modified":"2025-06-25T17:46:17","modified_gmt":"2025-06-25T15:46:17","slug":"socios","status":"publish","type":"page","link":"https:\/\/dev.azhr.tv\/proyector.info\/socios\/","title":{"rendered":"Socios"},"content":{"rendered":"\n<h2 class=\"wp-block-heading\">\u00bfQuieres formar parte de PROYECTOR?<\/h2>\n\n\n\nPROYECTOR, como plataforma independiente, constituida como asociaci\u00f3n cultural sin \u00e1nimo de lucro a nivel estatal en Espa\u00f1a, consigue llevar a cabo grandes retos gracias a todos vosotros.\nSin los socios y colaboradores nunca ser\u00eda posible alcanzar la magnitud de este festival multisede.\nGracias a la generosidad y espontaneidad de artistas y amantes del arte, de colectivos y corporaciones, gracias al esfuerzo y empe\u00f1o de todos los que se unieron alguna vez a este proyecto y que muchos de ellos a\u00fan siguen con nosotros, seguimos adelante.\n\n\n\n<div style=\"height:20px\" aria-hidden=\"true\" class=\"wp-block-spacer\"><\/div>\n\n\n\n<h5>Colabora<\/h5>\nLa plataforma PROYECTOR trabaja por impulsar proyectos que beban de una libertad absoluta desde la autogesti\u00f3n e independencia. Los socios nos ayudan a resistir, gota a gota, haciendo que los proyectos encuentren el caudal que tan dif\u00edcil es para los que partimos de una muy humilde econom\u00eda pero bajo los efectos de la ilusi\u00f3n, la voluntad y el compromiso.\nPuedes contribuir desde 10\u20ac\/mes hasta con una donaci\u00f3n de 150\u20ac (80% desgrabable)\n\u00a1\u00danete a nosotros!\n\u2013 Hazte socio\n\n\n\n<div class=\"boton\"><a href=\"https:\/\/forms.gle\/RfHrP8tFT9j7v7Xc8\">Hazte socio<\/a><\/div>\n\n\n\n<div style=\"height:20px\" aria-hidden=\"true\" class=\"wp-block-spacer\"><\/div>\n\n\n\n<h5>Participa<\/h5>\n\nPROYECTOR es una gran familia, es una red tejida con mucho cari\u00f1o. Juntos vivimos la experiencia que posibilita la creaci\u00f3n, la acci\u00f3n, la idea y, en definitiva, la expresi\u00f3n que construye aquello que llamamos cultura y que nos abre puertas hacia nuevas formas de ver el mundo.\nParticipamos del proceso que hace posible que los artistas y creadores tomen la palabra, generamos mecanismos para que sus voces se oigan y tomen fuerza, vivimos la experiencia de encontrarnos y enriquecernos mutuamente creando v\u00ednculos y redes en los que surge siempre la creatividad y el nacimiento de nuevos proyectos y colaboraciones entre artistas, espacios, directores de museos, los medios y profesionales de la ense\u00f1anza. Todos juntos hacemos posible lo imaginado.\n\n\n\n<div class=\"boton\"><a href=\"mailto:info@proyector.info\">\u2013 Quiero ser voluntario \/ Participa<\/a><\/div>\n\n\n\n(Documentaci\u00f3n, Dise\u00f1o, Comunicaci\u00f3n, Protocolo, Traducci\u00f3n, Comisariados\u2026)\n\n\n\n<div style=\"height:20px\" aria-hidden=\"true\" class=\"wp-block-spacer\"><\/div>\n\n\n\n<h5>Patrocina<\/h5>\n\nPROYECTOR busca, no solo ofrecer videoarte de calidad, sino tambi\u00e9n generar redes que conecten y fortalezcan a todos los agentes del mundo del arte, incluyendo, no solo a artistas, sino tambi\u00e9n a coleccionistas, galeristas, espacios de producci\u00f3n, centros culturales, museos, festivales, universidades, espacios formativos, al propio p\u00fablico y al mundo empresarial que se encuentra fuertemente vinculado a trav\u00e9s de sus productos o servicios.\nNo todas las empresas son iguales, no todas \u00fanicamente se preocupan por su propia econom\u00eda, tambi\u00e9n contribuyen con su visi\u00f3n, sus iniciativas, productos, inversiones e ilusiones.\nCorporaciones que han colaborado como Inelcom, CRAMBO, CASIO, NIIO, que, al igual que PROYECTOR, buscan reforzar el tejido cultural aportando su granito de arena para la construcci\u00f3n de la conciencia y sensibilidad colectiva.\n\n\n\n<div class=\"boton\"><a href=\"mailto:patrocinio.proyector@gmail.com\">\u2013 Ap\u00f3yanos, patrocina \u00a1hazlo posible!<\/a><\/div>\n\n\n\n<div style=\"height:20px\" aria-hidden=\"true\" class=\"wp-block-spacer\"><\/div>\n","protected":false},"excerpt":{"rendered":"<p>\u00bfQuieres formar parte de PROYECTOR? PROYECTOR, como plataforma independiente, constituida como asociaci\u00f3n cultural sin \u00e1nimo de lucro a nivel estatal<\/p>\n","protected":false},"author":1,"featured_media":0,"parent":0,"menu_order":0,"comment_status":"closed","ping_status":"closed","template":"","meta":{"footnotes":""},"class_list":["post-6651","page","type-page","status-publish","hentry"],"_links":{"self":[{"href":"https:\/\/dev.azhr.tv\/proyector.info\/wp-json\/wp\/v2\/pages\/6651","targetHints":{"allow":["GET"]}}],"collection":[{"href":"https:\/\/dev.azhr.tv\/proyector.info\/wp-json\/wp\/v2\/pages"}],"about":[{"href":"https:\/\/dev.azhr.tv\/proyector.info\/wp-json\/wp\/v2\/types\/page"}],"author":[{"embeddable":true,"href":"https:\/\/dev.azhr.tv\/proyector.info\/wp-json\/wp\/v2\/users\/1"}],"replies":[{"embeddable":true,"href":"https:\/\/dev.azhr.tv\/proyector.info\/wp-json\/wp\/v2\/comments?post=6651"}],"version-history":[{"count":5,"href":"https:\/\/dev.azhr.tv\/proyector.info\/wp-json\/wp\/v2\/pages\/6651\/revisions"}],"predecessor-version":[{"id":8891,"href":"https:\/\/dev.azhr.tv\/proyector.info\/wp-json\/wp\/v2\/pages\/6651\/revisions\/8891"}],"wp:attachment":[{"href":"https:\/\/dev.azhr.tv\/proyector.info\/wp-json\/wp\/v2\/media?parent=6651"}],"curies":[{"name":"wp","href":"https:\/\/api.w.org\/{rel}","templated":true}]}}