{"id":6653,"date":"2025-05-02T13:29:26","date_gmt":"2025-05-02T11:29:26","guid":{"rendered":"https:\/\/dev.azhr.tv\/proyector.info\/platform\/"},"modified":"2025-05-08T14:25:26","modified_gmt":"2025-05-08T12:25:26","slug":"platforma","status":"publish","type":"page","link":"https:\/\/dev.azhr.tv\/proyector.info\/platforma\/","title":{"rendered":"Plataforma"},"content":{"rendered":"\n<div class=\"wp-block-columns is-layout-flex wp-container-core-columns-is-layout-9d6595d7 wp-block-columns-is-layout-flex\">\n<div class=\"wp-block-column is-layout-flow wp-block-column-is-layout-flow\" style=\"flex-basis:25%\"><\/div>\n\n\n\n<div class=\"wp-block-column is-layout-flow wp-block-column-is-layout-flow\" style=\"flex-basis:50%\">\n<h5 class=\"wp-block-heading\">PROYECTOR\/ PLATAFORMA<\/h5>\n\n\n\n<p>Destinada a la difusi\u00f3n de la imagen en movimiento haciendo \u00e9nfasis en su car\u00e1cter m\u00e1s experimental, contempor\u00e1neo y de compromiso. Nuestra vocaci\u00f3n es generar relaciones con artistas, centros de arte, comisarios, coleccionistas y profesionales del sector para darles visibilidad, realizar las actividades formativas y convertirnos en productores de los creadores. La plataforma incluye 5 ejes de trabajo: Festival \/ LAP \/ Comisariados \/ Creaci\u00f3n y Restauraci\u00f3n de Obra \/ Actividades Online.<\/p>\n\n\n\n<hr class=\"wp-block-separator has-alpha-channel-opacity is-style-dots\"\/>\n\n\n\n<h5 class=\"wp-block-heading\">PROYECTOR\/ FESTIVAL<\/h5>\n\n\n\n<p>Cuenta con la participaci\u00f3n de unas 900 obras de unos 800 artistas de 70 pa\u00edses, adem\u00e1s de comisarios y festivales de gran parte del mundo. Su programaci\u00f3n est\u00e1 compuesta por videoinstalaciones (monocanales, multicanales, interactivas), cine expandido, intervenciones, proyecciones en el espacio p\u00fablico, performances, charlas, encuentros, talleres y conferencias. Por \u00e9l han pasado artistas de la talla de Marina Abramovic, Shirin Neshat, Francesc Torres, Gary Hill, Zbigniew Rybczy\u0144ski, Isidoro Valc\u00e1rcel Medina, Fernando S\u00e1nchez Castillo, Santiago Sierra, Regina Jos\u00e9 Galindo, Pavel B\u00fcchler, Carolee Schneemann, Faycal Baghriche, Hans Breder, Mateo Mat\u00e9, Yuan Goang-Ming, Andr\u00e9s Denegri, Anthony McCall, Antoni Muntadas, Candice Breitz, Francis Al\u00ffs, Gusm\u00e3o \/ Paiva, Ignasi Aball\u00ed, Joan Jonas, Jos\u00e9 Val del Omar, David Van Tieghem, Rosa Barba, Steve McQueen, Willie Doherty , Nan Hoover, Bruce Nauman, Breda Beban, Eder Santos, Michele Sambin, Robert Cahen, Steina and Woody Vasulka \u2026 entre muchos otros invitados. As\u00ed como los coleccionistas Alfredo Hertzog, Alain Servais, Haro Cumbusyam y Teresa Sapey.<\/p>\n\n\n\n<hr class=\"wp-block-separator has-alpha-channel-opacity is-style-dots\"\/>\n\n\n\n<h5 class=\"wp-block-heading\">PROYECTOR\/ LAP (Laboratorios de Arte PROYECTOR)<\/h5>\n\n\n\n<p>Desde los inicios apostamos por proyectos que reflexionen sobre las artes visuales, su relaci\u00f3n con el cuerpo, el espacio que los acoge y el espectador. Somos productores, no s\u00f3lo de contenidos audiovisuales, sino de algo mucho m\u00e1s valioso: de conocimiento. Desde nuestros inicios en el a\u00f1o 2008 hemos realizado Encuentros Profesionales donde reunimos a coleccionistas, festivales, ferias, artistas y dem\u00e1s agentes involucrados en la producci\u00f3n, distribuci\u00f3n, venta y exhibici\u00f3n del videoarte en la actualidad, as\u00ed como Talleres, Charlas, Master Class y Publicaciones, donde una l\u00ednea de pensamiento articulaba una propuesta que permit\u00eda acercar este media al p\u00fablico especializado, amateur o simplemente curiosos. En la actualidad estamos trabajando para introducir las actividades educativas anteriormente mencionadas en los LAPs presenciales y online que se desarrollan a lo largo de todo el a\u00f1o, y que est\u00e1n dirigidos a centros de arte, para un p\u00fablico profesional, y a centros de formaci\u00f3n, para estudiantes y docentes.<\/p>\n\n\n\n<hr class=\"wp-block-separator has-alpha-channel-opacity is-style-dots\"\/>\n\n\n\n<h5 class=\"wp-block-heading\">PROYECTOR\/ COMISARIADOS<\/h5>\n\n\n\n<p>Somos un equipo de artistas y gestores culturales con una visi\u00f3n amplia y actual de la imagen en movimiento internacional. Esta visi\u00f3n es el resultado de una formaci\u00f3n y experiencia profesional consolidada durante a\u00f1os que se materializa en el Festival con la organizaci\u00f3n de distintas propuestas comisariales, haciendo corresponder ejes tem\u00e1ticos y conceptuales con espacios art\u00edsticos (centros, museos y galer\u00edas). Contenidos \u00e1giles que se adaptan a la sede y al contexto donde se incluyen artistas m\u00e1s o menos emergentes junto con otros de larga trayectoria. Colaboramos con la mayor\u00eda de instituciones de Madrid, con ferias como Loop Barcelona, Art Lima, Art Madrid y con m\u00e1s de 20 festivales internacionales de pa\u00edses como Francia, Italia, Portugal, Holanda, Inglaterra, Noruega, Alemania, Grecia, M\u00e9xico, Argentina, Colombia, Venezuela, Per\u00fa, EEUU, Marruecos, India, Taiw\u00e1n, China, Palestina, Ir\u00e1n, Turqu\u00eda, Egipto\u2026para el intercambio del arte nacional con otros pa\u00edses y agentes culturales internacionales.<\/p>\n\n\n\n<hr class=\"wp-block-separator has-alpha-channel-opacity is-style-dots\"\/>\n\n\n\n<h5 class=\"wp-block-heading\">PROYECTOR\/ CREACION Y RESTAURACI\u00d3N DE OBRA<\/h5>\n\n\n\n<ol class=\"wp-block-list\">\n<li>Producci\u00f3n de obra nueva. Las nuevas tecnolog\u00edas permiten procesos de obra tanto presencial como a distancia. Contamos para ello con embajadas, empresas privadas tecnol\u00f3gicas y coleccionistas que permiten el desarrollo de la imagen en movimiento contempor\u00e1neo en muy distintos formatos.<\/li>\n\n\n\n<li>Residencias. PROYECTOR ofrece a los artistas participantes espacio de trabajo y alojamiento que permita crear piezas nuevas site specific para nuestras sedes, as\u00ed como compartir sus experiencias durante el festival con otros artistas, comisarios y el propio equipo creando as\u00ed lazos, redes de trabajo e intercambio. Conde Duque, Espacio Solo \u2013 Onkaos, Extensi\u00f3n AVAM, El Instante Fundaci\u00f3n, Medialab Prado, Ranchito Matadero Madrid, A B I E R T O Theredoom e Intercambiador ACART han posibilitado la creaci\u00f3n de artistas como Maia Navas, Irit Batsry, M\u00e1rcia Beatriz Granero, Christophe Litou, Elena Lavell\u00e9s, Magiae Naturalis, Chen Wan-Jen, Chia-Yun Wu, Lien-Chen Wang, Huang I-Hsiang y Amaya Hern\u00e1ndez Sig\u00fcenza.<\/li>\n\n\n\n<li>Restauraci\u00f3n de obra. Debido a la demanda de nuestros convenios con colecciones de instituciones y de particulares estamos ofreciendo la Restauraci\u00f3n y Archivo profesional a nuestros clientes, gracias a convenios con profesionales y empresas con la que colaboramos hace a\u00f1os.<\/li>\n<\/ol>\n\n\n\n<hr class=\"wp-block-separator has-alpha-channel-opacity is-style-dots\"\/>\n\n\n\n<h5 class=\"wp-block-heading\">PROYECTOR\/ ACTIVIDADES ONLINE <\/h5>\n\n\n\n<p>Es un proyecto que pretende plantear circuitos alternativos de distribuci\u00f3n, visionado, venta y alquiler de la imagen en movimiento, de modo que un mayor n\u00famero de creadores tenga acceso al medio a trav\u00e9s de conferencias online, performance, talleres y actividades en streamings. Se facilitan adem\u00e1s transacciones, contactos y el acceso a p\u00fablicos din\u00e1micos acordes a nuestros d\u00edas. Otro objetivo importante es generar una estructura de asesor\u00eda en red donde se incluyen coleccionistas, galer\u00edas, museos y centros de arte.<\/p>\n<\/div>\n\n\n\n<div class=\"wp-block-column is-layout-flow wp-block-column-is-layout-flow\" style=\"flex-basis:25%\"><\/div>\n<\/div>\n\n\n\n<p><\/p>\n","protected":false},"excerpt":{"rendered":"<p>PROYECTOR\/ PLATAFORMA Destinada a la difusi\u00f3n de la imagen en movimiento haciendo \u00e9nfasis en su car\u00e1cter m\u00e1s experimental, contempor\u00e1neo y<\/p>\n","protected":false},"author":2,"featured_media":0,"parent":0,"menu_order":0,"comment_status":"closed","ping_status":"closed","template":"","meta":{"footnotes":""},"class_list":["post-6653","page","type-page","status-publish","hentry"],"_links":{"self":[{"href":"https:\/\/dev.azhr.tv\/proyector.info\/wp-json\/wp\/v2\/pages\/6653","targetHints":{"allow":["GET"]}}],"collection":[{"href":"https:\/\/dev.azhr.tv\/proyector.info\/wp-json\/wp\/v2\/pages"}],"about":[{"href":"https:\/\/dev.azhr.tv\/proyector.info\/wp-json\/wp\/v2\/types\/page"}],"author":[{"embeddable":true,"href":"https:\/\/dev.azhr.tv\/proyector.info\/wp-json\/wp\/v2\/users\/2"}],"replies":[{"embeddable":true,"href":"https:\/\/dev.azhr.tv\/proyector.info\/wp-json\/wp\/v2\/comments?post=6653"}],"version-history":[{"count":6,"href":"https:\/\/dev.azhr.tv\/proyector.info\/wp-json\/wp\/v2\/pages\/6653\/revisions"}],"predecessor-version":[{"id":7563,"href":"https:\/\/dev.azhr.tv\/proyector.info\/wp-json\/wp\/v2\/pages\/6653\/revisions\/7563"}],"wp:attachment":[{"href":"https:\/\/dev.azhr.tv\/proyector.info\/wp-json\/wp\/v2\/media?parent=6653"}],"curies":[{"name":"wp","href":"https:\/\/api.w.org\/{rel}","templated":true}]}}