{"id":6655,"date":"2025-05-02T15:50:23","date_gmt":"2025-05-02T13:50:23","guid":{"rendered":"https:\/\/dev.azhr.tv\/proyector.info\/work-with-us\/"},"modified":"2025-05-08T13:14:37","modified_gmt":"2025-05-08T11:14:37","slug":"work-with-us","status":"publish","type":"page","link":"https:\/\/dev.azhr.tv\/proyector.info\/work-with-us\/","title":{"rendered":"Trabaja con nosotros"},"content":{"rendered":"\n<p>PROYECTOR es una plataforma activa durante todo el a\u00f1o, aunque su actividad m\u00e1s intensa la condensa durante las fechas del Festival.<\/p><br\/>\n\n<div style=\"height:5px\" aria-hidden=\"true\" class=\"wp-block-spacer\"><\/div>\n\n<p>Cada a\u00f1o, abrimos una convocatoria de voluntariados de cara a la preparaci\u00f3n del Festival (finales de agosto y\/o septiembre) para asistencia a visitantes \/ producci\u00f3n y montaje \/ documentaci\u00f3n.<\/p><br\/>\n\n<h2 class=\"wp-block-heading\"><em>\u00bfQuieres vivir el Festival desde dentro?<\/em><\/h2>\n\nEscr\u00edbenos a <a href=\"mailto:voluntariadoproyector@gmail.com\">voluntariadoproyector@gmail.com<\/a> indic\u00e1ndonos en el concepto el campo en qu\u00e9 te gustar\u00eda participar.\n\n<div style=\"height:20px\" aria-hidden=\"true\" class=\"wp-block-spacer\"><\/div>\n\n<div class=\"wp-block-columns has-2-columns contact-form is-layout-flex wp-container-core-columns-is-layout-9d6595d7 wp-block-columns-is-layout-flex\">\n<div class=\"wp-block-column is-layout-flow wp-block-column-is-layout-flow\">\n<h5 class=\"wp-block-heading\"><em>Env\u00eda tu informaci\u00f3n<\/em><\/h5>\n\n\n\n<div style=\"height:20px\" aria-hidden=\"true\" class=\"wp-block-spacer\"><\/div>\n\n\n\n<h2 class=\"contact-page__title\"><span style=\"font-family: 'Open Sans', sans-serif; font-size: 15px; font-weight: 400; letter-spacing: -0.01em;\"> \n<div class=\"wpcf7 no-js\" id=\"wpcf7-f6757-o1\" lang=\"es-ES\" dir=\"ltr\" data-wpcf7-id=\"6757\">\n<div class=\"screen-reader-response\"><p role=\"status\" aria-live=\"polite\" aria-atomic=\"true\"><\/p> <ul><\/ul><\/div>\n<form action=\"\/proyector.info\/wp-json\/wp\/v2\/pages\/6655#wpcf7-f6757-o1\" method=\"post\" class=\"wpcf7-form init\" aria-label=\"Formulario de contacto\" novalidate=\"novalidate\" data-status=\"init\">\n<div style=\"display: none;\">\n<input type=\"hidden\" name=\"_wpcf7\" value=\"6757\" \/>\n<input type=\"hidden\" name=\"_wpcf7_version\" value=\"6.0.6\" \/>\n<input type=\"hidden\" name=\"_wpcf7_locale\" value=\"es_ES\" \/>\n<input type=\"hidden\" name=\"_wpcf7_unit_tag\" value=\"wpcf7-f6757-o1\" \/>\n<input type=\"hidden\" name=\"_wpcf7_container_post\" value=\"0\" \/>\n<input type=\"hidden\" name=\"_wpcf7_posted_data_hash\" value=\"\" \/>\n<\/div>\n<div class=\"row form-trabaja-con-nosotros\">\n\t<div class=\"col-6\">\n\t\t<p><label> Full Name *<br \/>\n<span class=\"wpcf7-form-control-wrap\" data-name=\"nombre\"><input size=\"40\" maxlength=\"400\" class=\"wpcf7-form-control wpcf7-text wpcf7-validates-as-required\" autocomplete=\"name\" aria-required=\"true\" aria-invalid=\"false\" value=\"\" type=\"text\" name=\"nombre\" \/><\/span><\/label>\n\t\t<\/p>\n\t<\/div>\n\t<div class=\"col-6\">\n\t\t<p><label>Phone number *<br \/>\n<span class=\"wpcf7-form-control-wrap\" data-name=\"telefono\"><input size=\"40\" maxlength=\"400\" class=\"wpcf7-form-control wpcf7-tel wpcf7-validates-as-required wpcf7-text wpcf7-validates-as-tel\" aria-required=\"true\" aria-invalid=\"false\" value=\"\" type=\"tel\" name=\"telefono\" \/><\/span><\/label>\n\t\t<\/p>\n\t<\/div>\n\t<div class=\"col-6\">\n\t\t<p><label> Email *<br \/>\n<span class=\"wpcf7-form-control-wrap\" data-name=\"email\"><input size=\"40\" maxlength=\"400\" class=\"wpcf7-form-control wpcf7-email wpcf7-validates-as-required wpcf7-text wpcf7-validates-as-email\" autocomplete=\"email\" aria-required=\"true\" aria-invalid=\"false\" value=\"\" type=\"email\" name=\"email\" \/><\/span><\/label>\n\t\t<\/p>\n\t<\/div>\n\t<div class=\"col-6\">\n\t\t<p><label>Area of Interest<br \/>\n<span class=\"wpcf7-form-control-wrap\" data-name=\"areas-interes\"><select class=\"wpcf7-form-control wpcf7-select\" aria-invalid=\"false\" name=\"areas-interes\"><option value=\"Visitor Assistance\">Visitor Assistance<\/option><option value=\"Production and Setup\">Production and Setup<\/option><option value=\"Documentation\">Documentation<\/option><\/select><\/span><\/label>\n\t\t<\/p>\n\t<\/div>\n\t<div class=\"col-12\" style=\"clear:both;width:100%\">\n\t\t<p><label> Message (optional)<br \/>\n<span class=\"wpcf7-form-control-wrap\" data-name=\"your-message\"><textarea cols=\"40\" rows=\"10\" maxlength=\"2000\" class=\"wpcf7-form-control wpcf7-textarea\" aria-invalid=\"false\" name=\"your-message\"><\/textarea><\/span> <\/label>\n\t\t<\/p>\n\t<\/div>\n\t<div class=\"col-12\" style=\"clear:both\">\n\t\t<p><input class=\"wpcf7-form-control wpcf7-submit has-spinner\" type=\"submit\" value=\"Send\" \/>\n\t\t<\/p>\n\t<\/div>\n<\/div><div class=\"wpcf7-response-output\" aria-hidden=\"true\"><\/div>\n<\/form>\n<\/div>\n <\/span><\/h2><br\/>\n<\/div>\n\n\n\n<div class=\"wp-block-column is-layout-flow wp-block-column-is-layout-flow\">\n<div style=\"height:20px\" aria-hidden=\"true\" class=\"wp-block-spacer\"><\/div>\n\n\n\n<figure class=\"wp-block-image size-medium\"><img loading=\"lazy\" decoding=\"async\" width=\"300\" height=\"300\" src=\"https:\/\/dev.azhr.tv\/proyector.info\/wp-content\/uploads\/2025\/04\/proyector_justificado_rosa-300x300.png\" alt=\"\" class=\"wp-image-6232\" srcset=\"https:\/\/dev.azhr.tv\/proyector.info\/wp-content\/uploads\/2025\/04\/proyector_justificado_rosa-300x300.png 300w, https:\/\/dev.azhr.tv\/proyector.info\/wp-content\/uploads\/2025\/04\/proyector_justificado_rosa-150x150.png 150w, https:\/\/dev.azhr.tv\/proyector.info\/wp-content\/uploads\/2025\/04\/proyector_justificado_rosa.png 500w\" sizes=\"auto, (max-width: 300px) 100vw, 300px\" \/><\/figure>\n\n\n<\/div>\n<\/div>\n\n<div class=\"google-map stretch-full-width\">\u00a0<\/div><br\/>\n\n<h2 class=\"wp-block-heading lead\">\u00danete y descubre los mejores festivales<\/h2>\n","protected":false},"excerpt":{"rendered":"<p>PROYECTOR es una plataforma activa durante todo el a\u00f1o, aunque su actividad m\u00e1s intensa la condensa durante las fechas del<\/p>\n","protected":false},"author":2,"featured_media":0,"parent":0,"menu_order":0,"comment_status":"closed","ping_status":"closed","template":"","meta":{"footnotes":""},"class_list":["post-6655","page","type-page","status-publish","hentry"],"_links":{"self":[{"href":"https:\/\/dev.azhr.tv\/proyector.info\/wp-json\/wp\/v2\/pages\/6655","targetHints":{"allow":["GET"]}}],"collection":[{"href":"https:\/\/dev.azhr.tv\/proyector.info\/wp-json\/wp\/v2\/pages"}],"about":[{"href":"https:\/\/dev.azhr.tv\/proyector.info\/wp-json\/wp\/v2\/types\/page"}],"author":[{"embeddable":true,"href":"https:\/\/dev.azhr.tv\/proyector.info\/wp-json\/wp\/v2\/users\/2"}],"replies":[{"embeddable":true,"href":"https:\/\/dev.azhr.tv\/proyector.info\/wp-json\/wp\/v2\/comments?post=6655"}],"version-history":[{"count":2,"href":"https:\/\/dev.azhr.tv\/proyector.info\/wp-json\/wp\/v2\/pages\/6655\/revisions"}],"predecessor-version":[{"id":7523,"href":"https:\/\/dev.azhr.tv\/proyector.info\/wp-json\/wp\/v2\/pages\/6655\/revisions\/7523"}],"wp:attachment":[{"href":"https:\/\/dev.azhr.tv\/proyector.info\/wp-json\/wp\/v2\/media?parent=6655"}],"curies":[{"name":"wp","href":"https:\/\/api.w.org\/{rel}","templated":true}]}}